{"id":558,"date":"2020-12-11T11:26:06","date_gmt":"2020-12-11T11:26:06","guid":{"rendered":"https:\/\/pt-textiles.pt\/servicos\/"},"modified":"2020-12-11T11:26:07","modified_gmt":"2020-12-11T11:26:07","slug":"servicos","status":"publish","type":"page","link":"https:\/\/pt-textiles.pt\/pt-pt\/servicos\/","title":{"rendered":"Servi\u00e7os"},"content":{"rendered":"\t\t<div data-elementor-type=\"wp-page\" data-elementor-id=\"558\" class=\"elementor elementor-558 elementor-21\" data-elementor-post-type=\"page\">\n\t\t\t\t\t\t\t\t\t<section class=\"elementor-section elementor-top-section elementor-element elementor-element-10996a2c elementor-section-boxed elementor-section-height-default elementor-section-height-default\" data-id=\"10996a2c\" data-element_type=\"section\">\n\t\t\t\t\t\t<div class=\"elementor-container elementor-column-gap-default\">\n\t\t\t\t\t<div class=\"elementor-column elementor-col-100 elementor-top-column elementor-element elementor-element-3187c4be\" data-id=\"3187c4be\" data-element_type=\"column\">\n\t\t\t<div class=\"elementor-widget-wrap elementor-element-populated\">\n\t\t\t\t\t\t\t\t<div class=\"elementor-element elementor-element-745baace elementor-widget elementor-widget-heading\" data-id=\"745baace\" data-element_type=\"widget\" data-widget_type=\"heading.default\">\n\t\t\t\t<div class=\"elementor-widget-container\">\n\t\t\t<h2 class=\"elementor-heading-title elementor-size-default\">Servi\u00e7os<\/h2>\t\t<\/div>\n\t\t\t\t<\/div>\n\t\t\t\t\t<\/div>\n\t\t<\/div>\n\t\t\t\t\t\t\t<\/div>\n\t\t<\/section>\n\t\t\t\t<section class=\"elementor-section elementor-top-section elementor-element elementor-element-6f985b87 elementor-section-boxed elementor-section-height-default elementor-section-height-default\" data-id=\"6f985b87\" data-element_type=\"section\">\n\t\t\t\t\t\t<div class=\"elementor-container elementor-column-gap-default\">\n\t\t\t\t\t<div class=\"elementor-column elementor-col-50 elementor-top-column elementor-element elementor-element-7e743991 animated-slow elementor-invisible\" data-id=\"7e743991\" data-element_type=\"column\" data-settings=\"{&quot;animation&quot;:&quot;fadeInLeft&quot;}\">\n\t\t\t<div class=\"elementor-widget-wrap elementor-element-populated\">\n\t\t\t\t\t\t\t\t<div class=\"elementor-element elementor-element-5c53ab25 elementor-widget elementor-widget-heading\" data-id=\"5c53ab25\" data-element_type=\"widget\" data-widget_type=\"heading.default\">\n\t\t\t\t<div class=\"elementor-widget-container\">\n\t\t\t<h3 class=\"elementor-heading-title elementor-size-default\">R&D<\/h3>\t\t<\/div>\n\t\t\t\t<\/div>\n\t\t\t\t<div class=\"elementor-element elementor-element-1c311571 elementor-widget-divider--view-line elementor-widget elementor-widget-divider\" data-id=\"1c311571\" data-element_type=\"widget\" data-widget_type=\"divider.default\">\n\t\t\t\t<div class=\"elementor-widget-container\">\n\t\t\t\t\t<div class=\"elementor-divider\">\n\t\t\t<span class=\"elementor-divider-separator\">\n\t\t\t\t\t\t<\/span>\n\t\t<\/div>\n\t\t\t\t<\/div>\n\t\t\t\t<\/div>\n\t\t\t\t<div class=\"elementor-element elementor-element-7462b7c3 elementor-widget elementor-widget-text-editor\" data-id=\"7462b7c3\" data-element_type=\"widget\" data-widget_type=\"text-editor.default\">\n\t\t\t\t<div class=\"elementor-widget-container\">\n\t\t\t\t\t\t\t<p>Trabalhamos em estreita rela\u00e7\u00e3o com os nossos parceiros, trocando necessidades e experi\u00eancias, a fim de obtermos materiais, guarni\u00e7\u00f5es e solu\u00e7\u00f5es de fabrico inovadores e criativos.<\/p>\n\t\t\t\t\t\t<\/div>\n\t\t\t\t<\/div>\n\t\t\t\t<div class=\"elementor-element elementor-element-212ac29f elementor-widget elementor-widget-text-editor\" data-id=\"212ac29f\" data-element_type=\"widget\" data-widget_type=\"text-editor.default\">\n\t\t\t\t<div class=\"elementor-widget-container\">\n\t\t\t\t\t\t\t<p>Novos materiais para usos finais comuns, novos usos finais para materiais comuns e novos materiais para novos usos finais.<\/p>\n\t\t\t\t\t\t<\/div>\n\t\t\t\t<\/div>\n\t\t\t\t\t<\/div>\n\t\t<\/div>\n\t\t\t\t<div class=\"elementor-column elementor-col-50 elementor-top-column elementor-element elementor-element-3d5fe277 animated-slow elementor-invisible\" data-id=\"3d5fe277\" data-element_type=\"column\" data-settings=\"{&quot;background_background&quot;:&quot;classic&quot;,&quot;animation&quot;:&quot;fadeInRight&quot;}\">\n\t\t\t<div class=\"elementor-widget-wrap\">\n\t\t\t\t\t\t\t\t\t<\/div>\n\t\t<\/div>\n\t\t\t\t\t\t\t<\/div>\n\t\t<\/section>\n\t\t\t\t<section class=\"elementor-section elementor-top-section elementor-element elementor-element-3090d46d elementor-reverse-mobile elementor-section-boxed elementor-section-height-default elementor-section-height-default\" data-id=\"3090d46d\" data-element_type=\"section\">\n\t\t\t\t\t\t<div class=\"elementor-container elementor-column-gap-default\">\n\t\t\t\t\t<div class=\"elementor-column elementor-col-50 elementor-top-column elementor-element elementor-element-56bb12a animated-slow elementor-invisible\" data-id=\"56bb12a\" data-element_type=\"column\" data-settings=\"{&quot;background_background&quot;:&quot;classic&quot;,&quot;animation&quot;:&quot;fadeInLeft&quot;}\">\n\t\t\t<div class=\"elementor-widget-wrap\">\n\t\t\t\t\t\t\t\t\t<\/div>\n\t\t<\/div>\n\t\t\t\t<div class=\"elementor-column elementor-col-50 elementor-top-column elementor-element elementor-element-2ed5545c animated-slow elementor-invisible\" data-id=\"2ed5545c\" data-element_type=\"column\" data-settings=\"{&quot;animation&quot;:&quot;fadeInRight&quot;}\">\n\t\t\t<div class=\"elementor-widget-wrap elementor-element-populated\">\n\t\t\t\t\t\t\t\t<div class=\"elementor-element elementor-element-460b18d9 elementor-widget elementor-widget-heading\" data-id=\"460b18d9\" data-element_type=\"widget\" data-widget_type=\"heading.default\">\n\t\t\t\t<div class=\"elementor-widget-container\">\n\t\t\t<h3 class=\"elementor-heading-title elementor-size-default\">Capacidade de abastecimento<\/h3>\t\t<\/div>\n\t\t\t\t<\/div>\n\t\t\t\t<div class=\"elementor-element elementor-element-4ab64129 elementor-widget-divider--view-line elementor-widget elementor-widget-divider\" data-id=\"4ab64129\" data-element_type=\"widget\" data-widget_type=\"divider.default\">\n\t\t\t\t<div class=\"elementor-widget-container\">\n\t\t\t\t\t<div class=\"elementor-divider\">\n\t\t\t<span class=\"elementor-divider-separator\">\n\t\t\t\t\t\t<\/span>\n\t\t<\/div>\n\t\t\t\t<\/div>\n\t\t\t\t<\/div>\n\t\t\t\t<div class=\"elementor-element elementor-element-58ddf5b9 elementor-widget elementor-widget-text-editor\" data-id=\"58ddf5b9\" data-element_type=\"widget\" data-widget_type=\"text-editor.default\">\n\t\t\t\t<div class=\"elementor-widget-container\">\n\t\t\t\t\t\t\t<p N\u00e3o atuamos como uma empresa isolada, privilegiamos o networking, capitalizando a \u00e1rea de especializa\u00e7\u00e3o de cada parceiro, complementando assim o trabalho de cada um.<\/p>\n\t\t\t\t\t\t<\/div>\n\t\t\t\t<\/div>\n\t\t\t\t<div class=\"elementor-element elementor-element-23a69e63 elementor-widget elementor-widget-text-editor\" data-id=\"23a69e63\" data-element_type=\"widget\" data-widget_type=\"text-editor.default\">\n\t\t\t\t<div class=\"elementor-widget-container\">\n\t\t\t\t\t\t\t<p>Trabalhamos com os melhores fornecedores de malha em Portugal e podemos adquirir qualquer tipo de malha e guarni\u00e7\u00f5es.<\/p>\n<p>Na PT-Textiles gostamos de ser pr\u00f3-activos. Para isso, analisamos profundamente o mercado, pesquisamos novas tend\u00eancias e buscamos materiais, guarni\u00e7\u00f5es e acess\u00f3rios. Gostamos de nos ver como parte do processo criativo.<\/p>\n<p>Nosso foco \u00e9 o produto final, nossa vis\u00e3o \u00e9 o resultado final.<\/p>\n<p>A PT-Textiles garante a coordena\u00e7\u00e3o e o controle de cada etapas do processo, apoiado nos seus recursos internos ou apelando para seus parceiros.<\/p>\n\t\t\t\t\t\t<\/div>\n\t\t\t\t<\/div>\n\t\t\t\t\t<\/div>\n\t\t<\/div>\n\t\t\t\t\t\t\t<\/div>\n\t\t<\/section>\n\t\t\t\t<section class=\"elementor-section elementor-top-section elementor-element elementor-element-4b456244 elementor-section-boxed elementor-section-height-default elementor-section-height-default\" data-id=\"4b456244\" data-element_type=\"section\">\n\t\t\t\t\t\t<div class=\"elementor-container elementor-column-gap-default\">\n\t\t\t\t\t<div class=\"elementor-column elementor-col-50 elementor-top-column elementor-element elementor-element-79c13f4e animated-slow elementor-invisible\" data-id=\"79c13f4e\" data-element_type=\"column\" data-settings=\"{&quot;animation&quot;:&quot;fadeInLeft&quot;}\">\n\t\t\t<div class=\"elementor-widget-wrap elementor-element-populated\">\n\t\t\t\t\t\t\t\t<div class=\"elementor-element elementor-element-254ded8 elementor-widget elementor-widget-heading\" data-id=\"254ded8\" data-element_type=\"widget\" data-widget_type=\"heading.default\">\n\t\t\t\t<div class=\"elementor-widget-container\">\n\t\t\t<h3 class=\"elementor-heading-title elementor-size-default\">Desenvolvimento e produ\u00e7\u00e3o<\/h3>\t\t<\/div>\n\t\t\t\t<\/div>\n\t\t\t\t<div class=\"elementor-element elementor-element-4dc624e9 elementor-widget-divider--view-line elementor-widget elementor-widget-divider\" data-id=\"4dc624e9\" data-element_type=\"widget\" data-widget_type=\"divider.default\">\n\t\t\t\t<div class=\"elementor-widget-container\">\n\t\t\t\t\t<div class=\"elementor-divider\">\n\t\t\t<span class=\"elementor-divider-separator\">\n\t\t\t\t\t\t<\/span>\n\t\t<\/div>\n\t\t\t\t<\/div>\n\t\t\t\t<\/div>\n\t\t\t\t<div class=\"elementor-element elementor-element-494d847c elementor-widget elementor-widget-text-editor\" data-id=\"494d847c\" data-element_type=\"widget\" data-widget_type=\"text-editor.default\">\n\t\t\t\t<div class=\"elementor-widget-container\">\n\t\t\t\t\t\t\t<p>Garantimos suporte t\u00e9cnico em todo o processo, desde a modelagem, escolha de materiais e t\u00e9cnicas, fornecimento e constru\u00e7\u00e3o do vestu\u00e1rio.<\/p>\n\t\t\t\t\t\t<\/div>\n\t\t\t\t<\/div>\n\t\t\t\t<div class=\"elementor-element elementor-element-62ec4045 elementor-widget elementor-widget-text-editor\" data-id=\"62ec4045\" data-element_type=\"widget\" data-widget_type=\"text-editor.default\">\n\t\t\t\t<div class=\"elementor-widget-container\">\n\t\t\t\t\t\t\t<p> O fabrico de prot\u00f3tipos e amostras \u00e9 um ponto crucial no processo e reconhecemos sua import\u00e2ncia. Este \u00e9 o momento de repensar o produto e encontrar as melhores solu\u00e7\u00f5es globais. Nada \u00e9 insignificante nesta fase.<\/p>\n<p>O nosso primeiro objetivo \u00e9 a qualidade em todos os detalhes. Pensando nisso, apresentamos aos nossos clientes o melhor pre\u00e7o poss\u00edvel, sem comprometer o resultado final.<\/p>\n\t\t\t\t\t\t<\/div>\n\t\t\t\t<\/div>\n\t\t\t\t\t<\/div>\n\t\t<\/div>\n\t\t\t\t<div class=\"elementor-column elementor-col-50 elementor-top-column elementor-element elementor-element-78287546 animated-slow elementor-invisible\" data-id=\"78287546\" data-element_type=\"column\" data-settings=\"{&quot;background_background&quot;:&quot;classic&quot;,&quot;animation&quot;:&quot;fadeInRight&quot;}\">\n\t\t\t<div class=\"elementor-widget-wrap\">\n\t\t\t\t\t\t\t\t\t<\/div>\n\t\t<\/div>\n\t\t\t\t\t\t\t<\/div>\n\t\t<\/section>\n\t\t\t\t\t\t\t<\/div>\n\t\t","protected":false},"excerpt":{"rendered":"<p>R&#038;D Trabalhamos em estreita rela\u00e7\u00e3o com os nossos parceiros, trocando necessidades e experi\u00eancias, a fim de obtermos materiais, guarni\u00e7\u00f5es e solu\u00e7\u00f5es de fabrico inovadores e criativos. Novos materiais para usos finais comuns, novos usos finais para materiais comuns e novos materiais para novos usos finais. Capacidade de abastecimento<\/p>\n","protected":false},"author":1,"featured_media":0,"parent":0,"menu_order":0,"comment_status":"closed","ping_status":"closed","template":"","meta":{"footnotes":""},"_links":{"self":[{"href":"https:\/\/pt-textiles.pt\/pt-pt\/wp-json\/wp\/v2\/pages\/558"}],"collection":[{"href":"https:\/\/pt-textiles.pt\/pt-pt\/wp-json\/wp\/v2\/pages"}],"about":[{"href":"https:\/\/pt-textiles.pt\/pt-pt\/wp-json\/wp\/v2\/types\/page"}],"author":[{"embeddable":true,"href":"https:\/\/pt-textiles.pt\/pt-pt\/wp-json\/wp\/v2\/users\/1"}],"replies":[{"embeddable":true,"href":"https:\/\/pt-textiles.pt\/pt-pt\/wp-json\/wp\/v2\/comments?post=558"}],"version-history":[{"count":1,"href":"https:\/\/pt-textiles.pt\/pt-pt\/wp-json\/wp\/v2\/pages\/558\/revisions"}],"predecessor-version":[{"id":559,"href":"https:\/\/pt-textiles.pt\/pt-pt\/wp-json\/wp\/v2\/pages\/558\/revisions\/559"}],"wp:attachment":[{"href":"https:\/\/pt-textiles.pt\/pt-pt\/wp-json\/wp\/v2\/media?parent=558"}],"curies":[{"name":"wp","href":"https:\/\/api.w.org\/{rel}","templated":true}]}}