{"id":556,"date":"2020-12-11T11:09:14","date_gmt":"2020-12-11T11:09:14","guid":{"rendered":"https:\/\/pt-textiles.pt\/pt-medic\/"},"modified":"2020-12-11T11:09:15","modified_gmt":"2020-12-11T11:09:15","slug":"pt-medic","status":"publish","type":"page","link":"https:\/\/pt-textiles.pt\/pt-pt\/pt-medic\/","title":{"rendered":"PT Medic"},"content":{"rendered":"\t\t<div data-elementor-type=\"wp-page\" data-elementor-id=\"556\" class=\"elementor elementor-556 elementor-23\" data-elementor-post-type=\"page\">\n\t\t\t\t\t\t\t\t\t<section class=\"elementor-section elementor-top-section elementor-element elementor-element-207ebc96 elementor-section-boxed elementor-section-height-default elementor-section-height-default\" data-id=\"207ebc96\" data-element_type=\"section\">\n\t\t\t\t\t\t<div class=\"elementor-container elementor-column-gap-default\">\n\t\t\t\t\t<div class=\"elementor-column elementor-col-100 elementor-top-column elementor-element elementor-element-606923e7\" data-id=\"606923e7\" data-element_type=\"column\">\n\t\t\t<div class=\"elementor-widget-wrap elementor-element-populated\">\n\t\t\t\t\t\t\t\t<div class=\"elementor-element elementor-element-321162a7 elementor-widget elementor-widget-heading\" data-id=\"321162a7\" data-element_type=\"widget\" data-widget_type=\"heading.default\">\n\t\t\t\t<div class=\"elementor-widget-container\">\n\t\t\t<h2 class=\"elementor-heading-title elementor-size-default\">PT Medic<\/h2>\t\t<\/div>\n\t\t\t\t<\/div>\n\t\t\t\t\t<\/div>\n\t\t<\/div>\n\t\t\t\t\t\t\t<\/div>\n\t\t<\/section>\n\t\t\t\t<section class=\"elementor-section elementor-top-section elementor-element elementor-element-2602f2c elementor-section-boxed elementor-section-height-default elementor-section-height-default\" data-id=\"2602f2c\" data-element_type=\"section\">\n\t\t\t\t\t\t<div class=\"elementor-container elementor-column-gap-default\">\n\t\t\t\t\t<div class=\"elementor-column elementor-col-100 elementor-top-column elementor-element elementor-element-988cf4f\" data-id=\"988cf4f\" data-element_type=\"column\">\n\t\t\t<div class=\"elementor-widget-wrap elementor-element-populated\">\n\t\t\t\t\t\t\t\t<div class=\"elementor-element elementor-element-63918fb elementor-widget elementor-widget-heading\" data-id=\"63918fb\" data-element_type=\"widget\" data-widget_type=\"heading.default\">\n\t\t\t\t<div class=\"elementor-widget-container\">\n\t\t\t<h2 class=\"elementor-heading-title elementor-size-default\">NOSSAS M\u00c1SCARAS S\u00c3O APROVADAS POR<\/h2>\t\t<\/div>\n\t\t\t\t<\/div>\n\t\t\t\t\t<\/div>\n\t\t<\/div>\n\t\t\t\t\t\t\t<\/div>\n\t\t<\/section>\n\t\t\t\t<section class=\"elementor-section elementor-top-section elementor-element elementor-element-b77810a elementor-section-boxed elementor-section-height-default elementor-section-height-default\" data-id=\"b77810a\" data-element_type=\"section\">\n\t\t\t\t\t\t<div class=\"elementor-container elementor-column-gap-default\">\n\t\t\t\t\t<div class=\"elementor-column elementor-col-33 elementor-top-column elementor-element elementor-element-0d672bc\" data-id=\"0d672bc\" data-element_type=\"column\">\n\t\t\t<div class=\"elementor-widget-wrap elementor-element-populated\">\n\t\t\t\t\t\t\t\t<div class=\"elementor-element elementor-element-b91a204 elementor-widget elementor-widget-text-editor\" data-id=\"b91a204\" data-element_type=\"widget\" data-widget_type=\"text-editor.default\">\n\t\t\t\t<div class=\"elementor-widget-container\">\n\t\t\t\t\t\t\t<p>M\u00e1scaras t\u00eaxteis destinadas a utiliza\u00e7\u00e3o por particulares em contexto de exerc\u00edcio de actividade profissional ou em estabelecimentos autorizados em per\u00edodos de reclus\u00e3o, nomeadamente em espa\u00e7os interiores com v\u00e1rias pessoas.<\/p>\n\t\t\t\t\t\t<\/div>\n\t\t\t\t<\/div>\n\t\t\t\t<div class=\"elementor-element elementor-element-9d83300 elementor-widget elementor-widget-image\" data-id=\"9d83300\" data-element_type=\"widget\" data-widget_type=\"image.default\">\n\t\t\t\t<div class=\"elementor-widget-container\">\n\t\t\t\t\t\t\t\t\t\t\t\t\t\t\t<img decoding=\"async\" loading=\"lazy\" width=\"505\" height=\"91\" src=\"https:\/\/pt-textiles.pt\/wp-content\/uploads\/2020\/11\/Asset-9.png\" class=\"attachment-large size-large wp-image-538\" alt=\"\" srcset=\"https:\/\/pt-textiles.pt\/wp-content\/uploads\/2020\/11\/Asset-9.png 505w, https:\/\/pt-textiles.pt\/wp-content\/uploads\/2020\/11\/Asset-9-300x54.png 300w\" sizes=\"(max-width: 505px) 100vw, 505px\" \/>\t\t\t\t\t\t\t\t\t\t\t\t\t\t\t<\/div>\n\t\t\t\t<\/div>\n\t\t\t\t<div class=\"elementor-element elementor-element-e177aac elementor-widget elementor-widget-text-editor\" data-id=\"e177aac\" data-element_type=\"widget\" data-widget_type=\"text-editor.default\">\n\t\t\t\t<div class=\"elementor-widget-container\">\n\t\t\t\t\t\t\t<ul>\n<li>Temperatura de lavagem \u00e0 m\u00e1quina a 60\u00ba<\/li>\n<li>A secagem em tambor n\u00e3o \u00e9 permitida<\/li>\n<li>Ferro sem vapor a baixa temperatura<\/li>\n<li>A lavagem a seco n\u00e3o \u00e9 permitida<\/li>\n<\/ul>\n\t\t\t\t\t\t<\/div>\n\t\t\t\t<\/div>\n\t\t\t\t<div class=\"elementor-element elementor-element-1dcbe01 elementor-widget elementor-widget-text-editor\" data-id=\"1dcbe01\" data-element_type=\"widget\" data-widget_type=\"text-editor.default\">\n\t\t\t\t<div class=\"elementor-widget-container\">\n\t\t\t\t\t\t\t<p><strong>Composi\u00e7\u00e3o das mat\u00e9rias-primas<br \/><\/strong>Exterior: 100% algod\u00e3o<br \/>Interior: 100% polipropileno<\/p>\n\t\t\t\t\t\t<\/div>\n\t\t\t\t<\/div>\n\t\t\t\t\t<\/div>\n\t\t<\/div>\n\t\t\t\t<div class=\"elementor-column elementor-col-33 elementor-top-column elementor-element elementor-element-8479b08\" data-id=\"8479b08\" data-element_type=\"column\">\n\t\t\t<div class=\"elementor-widget-wrap elementor-element-populated\">\n\t\t\t\t\t\t\t\t<div class=\"elementor-element elementor-element-3356806 elementor-widget elementor-widget-image\" data-id=\"3356806\" data-element_type=\"widget\" data-widget_type=\"image.default\">\n\t\t\t\t<div class=\"elementor-widget-container\">\n\t\t\t\t\t\t\t\t\t\t\t\t\t\t\t<img decoding=\"async\" loading=\"lazy\" width=\"1\" height=\"1\" src=\"https:\/\/pt-textiles.pt\/wp-content\/uploads\/2020\/12\/geral-reutilizavel-selo-14197-en.svg\" class=\"attachment-large size-large wp-image-545\" alt=\"\" \/>\t\t\t\t\t\t\t\t\t\t\t\t\t\t\t<\/div>\n\t\t\t\t<\/div>\n\t\t\t\t<div class=\"elementor-element elementor-element-32996b0 elementor-widget elementor-widget-heading\" data-id=\"32996b0\" data-element_type=\"widget\" data-widget_type=\"heading.default\">\n\t\t\t\t<div class=\"elementor-widget-container\">\n\t\t\t<h2 class=\"elementor-heading-title elementor-size-default\">N\u00cdVEL 2<\/h2>\t\t<\/div>\n\t\t\t\t<\/div>\n\t\t\t\t<div class=\"elementor-element elementor-element-71811ae elementor-widget elementor-widget-text-editor\" data-id=\"71811ae\" data-element_type=\"widget\" data-widget_type=\"text-editor.default\">\n\t\t\t\t<div class=\"elementor-widget-container\">\n\t\t\t\t\t\t\t<p>20 LAVAGENS<\/p>\n\t\t\t\t\t\t<\/div>\n\t\t\t\t<\/div>\n\t\t\t\t<div class=\"elementor-element elementor-element-2a0cdcd elementor-widget elementor-widget-text-editor\" data-id=\"2a0cdcd\" data-element_type=\"widget\" data-widget_type=\"text-editor.default\">\n\t\t\t\t<div class=\"elementor-widget-container\">\n\t\t\t\t\t\t\t<p>As m\u00e1scaras t\u00eaxteis de n\u00edvel 2 ou 3 s\u00e3o classificadas como dispositivos m\u00e9dicos ou como equipamentos de prote\u00e7\u00e3o individual.<\/p>\n\t\t\t\t\t\t<\/div>\n\t\t\t\t<\/div>\n\t\t\t\t\t<\/div>\n\t\t<\/div>\n\t\t\t\t<div class=\"elementor-column elementor-col-33 elementor-top-column elementor-element elementor-element-cd4674e\" data-id=\"cd4674e\" data-element_type=\"column\">\n\t\t\t<div class=\"elementor-widget-wrap elementor-element-populated\">\n\t\t\t\t\t\t\t\t<div class=\"elementor-element elementor-element-c140246 elementor-widget elementor-widget-image\" data-id=\"c140246\" data-element_type=\"widget\" data-widget_type=\"image.default\">\n\t\t\t\t<div class=\"elementor-widget-container\">\n\t\t\t\t\t\t\t\t\t\t\t\t\t\t\t<img decoding=\"async\" loading=\"lazy\" width=\"1\" height=\"1\" src=\"https:\/\/pt-textiles.pt\/wp-content\/uploads\/2020\/11\/geral-reutilizavel-selo-12564-en.svg\" class=\"attachment-large size-large wp-image-535\" alt=\"\" \/>\t\t\t\t\t\t\t\t\t\t\t\t\t\t\t<\/div>\n\t\t\t\t<\/div>\n\t\t\t\t<div class=\"elementor-element elementor-element-9247a00 elementor-widget elementor-widget-heading\" data-id=\"9247a00\" data-element_type=\"widget\" data-widget_type=\"heading.default\">\n\t\t\t\t<div class=\"elementor-widget-container\">\n\t\t\t<h2 class=\"elementor-heading-title elementor-size-default\">N\u00cdVEL 3<\/h2>\t\t<\/div>\n\t\t\t\t<\/div>\n\t\t\t\t<div class=\"elementor-element elementor-element-5a1a4b4 elementor-widget elementor-widget-text-editor\" data-id=\"5a1a4b4\" data-element_type=\"widget\" data-widget_type=\"text-editor.default\">\n\t\t\t\t<div class=\"elementor-widget-container\">\n\t\t\t\t\t\t\t<p>25 LAVAGENS<\/p>\n\t\t\t\t\t\t<\/div>\n\t\t\t\t<\/div>\n\t\t\t\t<div class=\"elementor-element elementor-element-fcd176c elementor-widget elementor-widget-text-editor\" data-id=\"fcd176c\" data-element_type=\"widget\" data-widget_type=\"text-editor.default\">\n\t\t\t\t<div class=\"elementor-widget-container\">\n\t\t\t\t\t\t\t<p>As m\u00e1scaras t\u00eaxteis de n\u00edvel 2 ou 3 s\u00e3o classificadas como dispositivos m\u00e9dicos ou como equipamentos de prote\u00e7\u00e3o individual.<\/p>\n\t\t\t\t\t\t<\/div>\n\t\t\t\t<\/div>\n\t\t\t\t\t<\/div>\n\t\t<\/div>\n\t\t\t\t\t\t\t<\/div>\n\t\t<\/section>\n\t\t\t\t<section class=\"elementor-section elementor-top-section elementor-element elementor-element-857d059 elementor-section-boxed elementor-section-height-default elementor-section-height-default\" data-id=\"857d059\" data-element_type=\"section\">\n\t\t\t\t\t\t<div class=\"elementor-container elementor-column-gap-default\">\n\t\t\t\t\t<div class=\"elementor-column elementor-col-33 elementor-top-column elementor-element elementor-element-79b6c1b\" data-id=\"79b6c1b\" data-element_type=\"column\">\n\t\t\t<div class=\"elementor-widget-wrap elementor-element-populated\">\n\t\t\t\t\t\t\t\t<div class=\"elementor-element elementor-element-4141ca10 elementor-widget elementor-widget-heading\" data-id=\"4141ca10\" data-element_type=\"widget\" data-widget_type=\"heading.default\">\n\t\t\t\t<div class=\"elementor-widget-container\">\n\t\t\t<h3 class=\"elementor-heading-title elementor-size-default\">M\u00e1scaras personaliz\u00e1veis<\/h3>\t\t<\/div>\n\t\t\t\t<\/div>\n\t\t\t\t<div class=\"elementor-element elementor-element-4d1b1ad8 elementor-widget elementor-widget-text-editor\" data-id=\"4d1b1ad8\" data-element_type=\"widget\" data-widget_type=\"text-editor.default\">\n\t\t\t\t<div class=\"elementor-widget-container\">\n\t\t\t\t\t\t\t<p>Com o logotipo da sua marca<\/p>\n\t\t\t\t\t\t<\/div>\n\t\t\t\t<\/div>\n\t\t\t\t\t<\/div>\n\t\t<\/div>\n\t\t\t\t<div class=\"elementor-column elementor-col-33 elementor-top-column elementor-element elementor-element-717c04c\" data-id=\"717c04c\" data-element_type=\"column\">\n\t\t\t<div class=\"elementor-widget-wrap elementor-element-populated\">\n\t\t\t\t\t\t\t\t<div class=\"elementor-element elementor-element-77b4704 elementor-widget elementor-widget-heading\" data-id=\"77b4704\" data-element_type=\"widget\" data-widget_type=\"heading.default\">\n\t\t\t\t<div class=\"elementor-widget-container\">\n\t\t\t<h2 class=\"elementor-heading-title elementor-size-default\">FRENTE<\/h2>\t\t<\/div>\n\t\t\t\t<\/div>\n\t\t\t\t<div class=\"elementor-element elementor-element-979ffc1 elementor-widget elementor-widget-image\" data-id=\"979ffc1\" data-element_type=\"widget\" data-widget_type=\"image.default\">\n\t\t\t\t<div class=\"elementor-widget-container\">\n\t\t\t\t\t\t\t\t\t\t\t\t\t\t\t<img decoding=\"async\" loading=\"lazy\" width=\"1\" height=\"1\" src=\"https:\/\/pt-textiles.pt\/wp-content\/uploads\/2020\/11\/mascara-frente.svg\" class=\"attachment-large size-large wp-image-536\" alt=\"\" \/>\t\t\t\t\t\t\t\t\t\t\t\t\t\t\t<\/div>\n\t\t\t\t<\/div>\n\t\t\t\t\t<\/div>\n\t\t<\/div>\n\t\t\t\t<div class=\"elementor-column elementor-col-33 elementor-top-column elementor-element elementor-element-c25f456\" data-id=\"c25f456\" data-element_type=\"column\">\n\t\t\t<div class=\"elementor-widget-wrap elementor-element-populated\">\n\t\t\t\t\t\t\t\t<div class=\"elementor-element elementor-element-f67f5e4 elementor-widget elementor-widget-heading\" data-id=\"f67f5e4\" data-element_type=\"widget\" data-widget_type=\"heading.default\">\n\t\t\t\t<div class=\"elementor-widget-container\">\n\t\t\t<h2 class=\"elementor-heading-title elementor-size-default\">INTERIOR<\/h2>\t\t<\/div>\n\t\t\t\t<\/div>\n\t\t\t\t<div class=\"elementor-element elementor-element-58d7b42 elementor-widget elementor-widget-image\" data-id=\"58d7b42\" data-element_type=\"widget\" data-widget_type=\"image.default\">\n\t\t\t\t<div class=\"elementor-widget-container\">\n\t\t\t\t\t\t\t\t\t\t\t\t\t\t\t<img decoding=\"async\" loading=\"lazy\" width=\"1\" height=\"1\" src=\"https:\/\/pt-textiles.pt\/wp-content\/uploads\/2020\/11\/mascara-verso.svg\" class=\"attachment-large size-large wp-image-537\" alt=\"\" \/>\t\t\t\t\t\t\t\t\t\t\t\t\t\t\t<\/div>\n\t\t\t\t<\/div>\n\t\t\t\t\t<\/div>\n\t\t<\/div>\n\t\t\t\t\t\t\t<\/div>\n\t\t<\/section>\n\t\t\t\t<section class=\"elementor-section elementor-top-section elementor-element elementor-element-04b0ed4 elementor-section-boxed elementor-section-height-default elementor-section-height-default\" data-id=\"04b0ed4\" data-element_type=\"section\">\n\t\t\t\t\t\t<div class=\"elementor-container elementor-column-gap-default\">\n\t\t\t\t\t<div class=\"elementor-column elementor-col-20 elementor-top-column elementor-element elementor-element-c073e87 animated-slow elementor-invisible\" data-id=\"c073e87\" data-element_type=\"column\" data-settings=\"{&quot;animation&quot;:&quot;fadeInUp&quot;}\">\n\t\t\t<div class=\"elementor-widget-wrap elementor-element-populated\">\n\t\t\t\t\t\t\t\t<div class=\"elementor-element elementor-element-31fbcf7 elementor-widget elementor-widget-image\" data-id=\"31fbcf7\" data-element_type=\"widget\" data-widget_type=\"image.default\">\n\t\t\t\t<div class=\"elementor-widget-container\">\n\t\t\t\t\t\t\t\t\t\t\t\t\t\t\t<img decoding=\"async\" loading=\"lazy\" width=\"800\" height=\"818\" src=\"https:\/\/pt-textiles.pt\/wp-content\/uploads\/2020\/11\/mascara_azul.jpg\" class=\"attachment-large size-large wp-image-543\" alt=\"\" srcset=\"https:\/\/pt-textiles.pt\/wp-content\/uploads\/2020\/11\/mascara_azul.jpg 1000w, https:\/\/pt-textiles.pt\/wp-content\/uploads\/2020\/11\/mascara_azul-293x300.jpg 293w, https:\/\/pt-textiles.pt\/wp-content\/uploads\/2020\/11\/mascara_azul-768x786.jpg 768w\" sizes=\"(max-width: 800px) 100vw, 800px\" \/>\t\t\t\t\t\t\t\t\t\t\t\t\t\t\t<\/div>\n\t\t\t\t<\/div>\n\t\t\t\t<div class=\"elementor-element elementor-element-8ad0f65 elementor-widget elementor-widget-heading\" data-id=\"8ad0f65\" data-element_type=\"widget\" data-widget_type=\"heading.default\">\n\t\t\t\t<div class=\"elementor-widget-container\">\n\t\t\t<h2 class=\"elementor-heading-title elementor-size-medium\">L001<\/h2>\t\t<\/div>\n\t\t\t\t<\/div>\n\t\t\t\t\t<\/div>\n\t\t<\/div>\n\t\t\t\t<div class=\"elementor-column elementor-col-20 elementor-top-column elementor-element elementor-element-9ab0620 animated-slow elementor-invisible\" data-id=\"9ab0620\" data-element_type=\"column\" data-settings=\"{&quot;animation&quot;:&quot;fadeInUp&quot;,&quot;animation_delay&quot;:200}\">\n\t\t\t<div class=\"elementor-widget-wrap elementor-element-populated\">\n\t\t\t\t\t\t\t\t<div class=\"elementor-element elementor-element-c10898d elementor-widget elementor-widget-image\" data-id=\"c10898d\" data-element_type=\"widget\" data-widget_type=\"image.default\">\n\t\t\t\t<div class=\"elementor-widget-container\">\n\t\t\t\t\t\t\t\t\t\t\t\t\t\t\t<img decoding=\"async\" loading=\"lazy\" width=\"800\" height=\"818\" src=\"https:\/\/pt-textiles.pt\/wp-content\/uploads\/2020\/11\/mascara_vermelha.jpg\" class=\"attachment-large size-large wp-image-542\" alt=\"\" srcset=\"https:\/\/pt-textiles.pt\/wp-content\/uploads\/2020\/11\/mascara_vermelha.jpg 1000w, https:\/\/pt-textiles.pt\/wp-content\/uploads\/2020\/11\/mascara_vermelha-293x300.jpg 293w, https:\/\/pt-textiles.pt\/wp-content\/uploads\/2020\/11\/mascara_vermelha-768x786.jpg 768w\" sizes=\"(max-width: 800px) 100vw, 800px\" \/>\t\t\t\t\t\t\t\t\t\t\t\t\t\t\t<\/div>\n\t\t\t\t<\/div>\n\t\t\t\t<div class=\"elementor-element elementor-element-8da1ab1 elementor-widget elementor-widget-heading\" data-id=\"8da1ab1\" data-element_type=\"widget\" data-widget_type=\"heading.default\">\n\t\t\t\t<div class=\"elementor-widget-container\">\n\t\t\t<h2 class=\"elementor-heading-title elementor-size-medium\">L002<\/h2>\t\t<\/div>\n\t\t\t\t<\/div>\n\t\t\t\t\t<\/div>\n\t\t<\/div>\n\t\t\t\t<div class=\"elementor-column elementor-col-20 elementor-top-column elementor-element elementor-element-435217f animated-slow elementor-invisible\" data-id=\"435217f\" data-element_type=\"column\" data-settings=\"{&quot;animation&quot;:&quot;fadeInUp&quot;,&quot;animation_delay&quot;:400}\">\n\t\t\t<div class=\"elementor-widget-wrap elementor-element-populated\">\n\t\t\t\t\t\t\t\t<div class=\"elementor-element elementor-element-a8623e7 elementor-widget elementor-widget-image\" data-id=\"a8623e7\" data-element_type=\"widget\" data-widget_type=\"image.default\">\n\t\t\t\t<div class=\"elementor-widget-container\">\n\t\t\t\t\t\t\t\t\t\t\t\t\t\t\t<img decoding=\"async\" loading=\"lazy\" width=\"800\" height=\"818\" src=\"https:\/\/pt-textiles.pt\/wp-content\/uploads\/2020\/11\/mascara_rosa.jpg\" class=\"attachment-large size-large wp-image-541\" alt=\"\" srcset=\"https:\/\/pt-textiles.pt\/wp-content\/uploads\/2020\/11\/mascara_rosa.jpg 1000w, https:\/\/pt-textiles.pt\/wp-content\/uploads\/2020\/11\/mascara_rosa-293x300.jpg 293w, https:\/\/pt-textiles.pt\/wp-content\/uploads\/2020\/11\/mascara_rosa-768x786.jpg 768w\" sizes=\"(max-width: 800px) 100vw, 800px\" \/>\t\t\t\t\t\t\t\t\t\t\t\t\t\t\t<\/div>\n\t\t\t\t<\/div>\n\t\t\t\t<div class=\"elementor-element elementor-element-abc6009 elementor-widget elementor-widget-heading\" data-id=\"abc6009\" data-element_type=\"widget\" data-widget_type=\"heading.default\">\n\t\t\t\t<div class=\"elementor-widget-container\">\n\t\t\t<h2 class=\"elementor-heading-title elementor-size-medium\">L003<\/h2>\t\t<\/div>\n\t\t\t\t<\/div>\n\t\t\t\t\t<\/div>\n\t\t<\/div>\n\t\t\t\t<div class=\"elementor-column elementor-col-20 elementor-top-column elementor-element elementor-element-bf111d8 animated-slow elementor-invisible\" data-id=\"bf111d8\" data-element_type=\"column\" data-settings=\"{&quot;animation&quot;:&quot;fadeInUp&quot;,&quot;animation_delay&quot;:600}\">\n\t\t\t<div class=\"elementor-widget-wrap elementor-element-populated\">\n\t\t\t\t\t\t\t\t<div class=\"elementor-element elementor-element-6addbf0 elementor-widget elementor-widget-image\" data-id=\"6addbf0\" data-element_type=\"widget\" data-widget_type=\"image.default\">\n\t\t\t\t<div class=\"elementor-widget-container\">\n\t\t\t\t\t\t\t\t\t\t\t\t\t\t\t<img decoding=\"async\" loading=\"lazy\" width=\"800\" height=\"818\" src=\"https:\/\/pt-textiles.pt\/wp-content\/uploads\/2020\/11\/mascara_branca.jpg\" class=\"attachment-large size-large wp-image-540\" alt=\"\" srcset=\"https:\/\/pt-textiles.pt\/wp-content\/uploads\/2020\/11\/mascara_branca.jpg 1000w, https:\/\/pt-textiles.pt\/wp-content\/uploads\/2020\/11\/mascara_branca-293x300.jpg 293w, https:\/\/pt-textiles.pt\/wp-content\/uploads\/2020\/11\/mascara_branca-768x786.jpg 768w\" sizes=\"(max-width: 800px) 100vw, 800px\" \/>\t\t\t\t\t\t\t\t\t\t\t\t\t\t\t<\/div>\n\t\t\t\t<\/div>\n\t\t\t\t<div class=\"elementor-element elementor-element-0f0df03 elementor-widget elementor-widget-heading\" data-id=\"0f0df03\" data-element_type=\"widget\" data-widget_type=\"heading.default\">\n\t\t\t\t<div class=\"elementor-widget-container\">\n\t\t\t<h2 class=\"elementor-heading-title elementor-size-medium\">L004<\/h2>\t\t<\/div>\n\t\t\t\t<\/div>\n\t\t\t\t\t<\/div>\n\t\t<\/div>\n\t\t\t\t<div class=\"elementor-column elementor-col-20 elementor-top-column elementor-element elementor-element-a36e2d4 animated-slow elementor-invisible\" data-id=\"a36e2d4\" data-element_type=\"column\" data-settings=\"{&quot;animation&quot;:&quot;fadeInUp&quot;,&quot;animation_delay&quot;:800}\">\n\t\t\t<div class=\"elementor-widget-wrap elementor-element-populated\">\n\t\t\t\t\t\t\t\t<div class=\"elementor-element elementor-element-2b48e17 elementor-widget elementor-widget-image\" data-id=\"2b48e17\" data-element_type=\"widget\" data-widget_type=\"image.default\">\n\t\t\t\t<div class=\"elementor-widget-container\">\n\t\t\t\t\t\t\t\t\t\t\t\t\t\t\t<img decoding=\"async\" loading=\"lazy\" width=\"800\" height=\"818\" src=\"https:\/\/pt-textiles.pt\/wp-content\/uploads\/2020\/11\/mascara_amarela.jpg\" class=\"attachment-large size-large wp-image-539\" alt=\"\" srcset=\"https:\/\/pt-textiles.pt\/wp-content\/uploads\/2020\/11\/mascara_amarela.jpg 1000w, https:\/\/pt-textiles.pt\/wp-content\/uploads\/2020\/11\/mascara_amarela-293x300.jpg 293w, https:\/\/pt-textiles.pt\/wp-content\/uploads\/2020\/11\/mascara_amarela-768x786.jpg 768w\" sizes=\"(max-width: 800px) 100vw, 800px\" \/>\t\t\t\t\t\t\t\t\t\t\t\t\t\t\t<\/div>\n\t\t\t\t<\/div>\n\t\t\t\t<div class=\"elementor-element elementor-element-afbfec8 elementor-widget elementor-widget-heading\" data-id=\"afbfec8\" data-element_type=\"widget\" data-widget_type=\"heading.default\">\n\t\t\t\t<div class=\"elementor-widget-container\">\n\t\t\t<h2 class=\"elementor-heading-title elementor-size-medium\">L005<\/h2>\t\t<\/div>\n\t\t\t\t<\/div>\n\t\t\t\t\t<\/div>\n\t\t<\/div>\n\t\t\t\t\t\t\t<\/div>\n\t\t<\/section>\n\t\t\t\t<section class=\"elementor-section elementor-top-section elementor-element elementor-element-42e866a elementor-section-boxed elementor-section-height-default elementor-section-height-default\" data-id=\"42e866a\" data-element_type=\"section\">\n\t\t\t\t\t\t<div class=\"elementor-container elementor-column-gap-default\">\n\t\t\t\t\t<div class=\"elementor-column elementor-col-100 elementor-top-column elementor-element elementor-element-d41a0f4\" data-id=\"d41a0f4\" data-element_type=\"column\">\n\t\t\t<div class=\"elementor-widget-wrap elementor-element-populated\">\n\t\t\t\t\t\t\t\t<div class=\"elementor-element elementor-element-52c6c43 elementor-widget elementor-widget-heading\" data-id=\"52c6c43\" data-element_type=\"widget\" data-widget_type=\"heading.default\">\n\t\t\t\t<div class=\"elementor-widget-container\">\n\t\t\t<h2 class=\"elementor-heading-title elementor-size-default\">Deco Proteste como \u201cMelhor do Teste\u201d e \u201cEscolha Acertada\u201d<\/h2>\t\t<\/div>\n\t\t\t\t<\/div>\n\t\t\t\t<div class=\"elementor-element elementor-element-0109a3e elementor-widget elementor-widget-text-editor\" data-id=\"0109a3e\" data-element_type=\"widget\" data-widget_type=\"text-editor.default\">\n\t\t\t\t<div class=\"elementor-widget-container\">\n\t\t\t\t\t\t\t<p>(Edi\u00e7\u00e3o de outubro \/ novembro de 2020)<\/p>\n\t\t\t\t\t\t<\/div>\n\t\t\t\t<\/div>\n\t\t\t\t\t<\/div>\n\t\t<\/div>\n\t\t\t\t\t\t\t<\/div>\n\t\t<\/section>\n\t\t\t\t<section class=\"elementor-section elementor-top-section elementor-element elementor-element-12f8951 elementor-section-boxed elementor-section-height-default elementor-section-height-default\" data-id=\"12f8951\" data-element_type=\"section\">\n\t\t\t\t\t\t<div class=\"elementor-container elementor-column-gap-default\">\n\t\t\t\t\t<div class=\"elementor-column elementor-col-100 elementor-top-column elementor-element elementor-element-d868c28 animated-slow elementor-invisible\" data-id=\"d868c28\" data-element_type=\"column\" data-settings=\"{&quot;animation&quot;:&quot;fadeInUp&quot;}\">\n\t\t\t<div class=\"elementor-widget-wrap elementor-element-populated\">\n\t\t\t\t\t\t\t\t<div class=\"elementor-element elementor-element-aa2284c elementor-align-center elementor-widget elementor-widget-button\" data-id=\"aa2284c\" data-element_type=\"widget\" data-widget_type=\"button.default\">\n\t\t\t\t<div class=\"elementor-widget-container\">\n\t\t\t\t\t<div class=\"elementor-button-wrapper\">\n\t\t\t<a class=\"elementor-button elementor-button-link elementor-size-lg elementor-animation-grow\" href=\"mailto:geral@pt-textiles.pt\" target=\"_blank\">\n\t\t\t\t\t\t<span class=\"elementor-button-content-wrapper\">\n\t\t\t\t\t\t<span class=\"elementor-button-text\">Encomende aqui!<\/span>\n\t\t<\/span>\n\t\t\t\t\t<\/a>\n\t\t<\/div>\n\t\t\t\t<\/div>\n\t\t\t\t<\/div>\n\t\t\t\t\t<\/div>\n\t\t<\/div>\n\t\t\t\t\t\t\t<\/div>\n\t\t<\/section>\n\t\t\t\t\t\t\t<\/div>\n\t\t","protected":false},"excerpt":{"rendered":"<p>NOSSAS M\u00c1SCARAS S\u00c3O APROVADAS POR M\u00e1scaras t\u00eaxteis destinadas a utiliza\u00e7\u00e3o por particulares em contexto de exerc\u00edcio de actividade profissional ou em estabelecimentos autorizados em per\u00edodos de reclus\u00e3o, nomeadamente em espa\u00e7os interiores com v\u00e1rias pessoas. Temperatura de lavagem \u00e0 m\u00e1quina a 60\u00ba A secagem em tambor n\u00e3o \u00e9 permitida Ferro sem vapor a baixa temperatura A [&hellip;]<\/p>\n","protected":false},"author":1,"featured_media":0,"parent":0,"menu_order":0,"comment_status":"closed","ping_status":"closed","template":"","meta":{"footnotes":""},"_links":{"self":[{"href":"https:\/\/pt-textiles.pt\/pt-pt\/wp-json\/wp\/v2\/pages\/556"}],"collection":[{"href":"https:\/\/pt-textiles.pt\/pt-pt\/wp-json\/wp\/v2\/pages"}],"about":[{"href":"https:\/\/pt-textiles.pt\/pt-pt\/wp-json\/wp\/v2\/types\/page"}],"author":[{"embeddable":true,"href":"https:\/\/pt-textiles.pt\/pt-pt\/wp-json\/wp\/v2\/users\/1"}],"replies":[{"embeddable":true,"href":"https:\/\/pt-textiles.pt\/pt-pt\/wp-json\/wp\/v2\/comments?post=556"}],"version-history":[{"count":1,"href":"https:\/\/pt-textiles.pt\/pt-pt\/wp-json\/wp\/v2\/pages\/556\/revisions"}],"predecessor-version":[{"id":557,"href":"https:\/\/pt-textiles.pt\/pt-pt\/wp-json\/wp\/v2\/pages\/556\/revisions\/557"}],"wp:attachment":[{"href":"https:\/\/pt-textiles.pt\/pt-pt\/wp-json\/wp\/v2\/media?parent=556"}],"curies":[{"name":"wp","href":"https:\/\/api.w.org\/{rel}","templated":true}]}}