{"id":552,"date":"2020-12-11T10:59:24","date_gmt":"2020-12-11T10:59:24","guid":{"rendered":"https:\/\/pt-textiles.pt\/sobre-nos\/"},"modified":"2020-12-11T10:59:25","modified_gmt":"2020-12-11T10:59:25","slug":"sobre-nos","status":"publish","type":"page","link":"https:\/\/pt-textiles.pt\/pt-pt\/sobre-nos\/","title":{"rendered":"Sobre n\u00f3s"},"content":{"rendered":"\t\t<div data-elementor-type=\"wp-page\" data-elementor-id=\"552\" class=\"elementor elementor-552 elementor-219\" data-elementor-post-type=\"page\">\n\t\t\t\t\t\t\t\t\t<section class=\"elementor-section elementor-top-section elementor-element elementor-element-2a4c507 elementor-section-boxed elementor-section-height-default elementor-section-height-default\" data-id=\"2a4c507\" data-element_type=\"section\">\n\t\t\t\t\t\t<div class=\"elementor-container elementor-column-gap-default\">\n\t\t\t\t\t<div class=\"elementor-column elementor-col-100 elementor-top-column elementor-element elementor-element-7406c85\" data-id=\"7406c85\" data-element_type=\"column\">\n\t\t\t<div class=\"elementor-widget-wrap elementor-element-populated\">\n\t\t\t\t\t\t\t\t<div class=\"elementor-element elementor-element-c01ac2d elementor-widget elementor-widget-heading\" data-id=\"c01ac2d\" data-element_type=\"widget\" data-widget_type=\"heading.default\">\n\t\t\t\t<div class=\"elementor-widget-container\">\n\t\t\t<h2 class=\"elementor-heading-title elementor-size-default\">Sobre n\u00f3s<\/h2>\t\t<\/div>\n\t\t\t\t<\/div>\n\t\t\t\t\t<\/div>\n\t\t<\/div>\n\t\t\t\t\t\t\t<\/div>\n\t\t<\/section>\n\t\t\t\t<section class=\"elementor-section elementor-top-section elementor-element elementor-element-093e61e elementor-section-boxed elementor-section-height-default elementor-section-height-default\" data-id=\"093e61e\" data-element_type=\"section\">\n\t\t\t\t\t\t<div class=\"elementor-container elementor-column-gap-default\">\n\t\t\t\t\t<div class=\"elementor-column elementor-col-50 elementor-top-column elementor-element elementor-element-e5ab767 animated-slow elementor-invisible\" data-id=\"e5ab767\" data-element_type=\"column\" data-settings=\"{&quot;animation&quot;:&quot;fadeInLeft&quot;}\">\n\t\t\t<div class=\"elementor-widget-wrap elementor-element-populated\">\n\t\t\t\t\t\t\t\t<div class=\"elementor-element elementor-element-a510cab elementor-widget elementor-widget-heading\" data-id=\"a510cab\" data-element_type=\"widget\" data-widget_type=\"heading.default\">\n\t\t\t\t<div class=\"elementor-widget-container\">\n\t\t\t<h3 class=\"elementor-heading-title elementor-size-default\">PT-Textiles<\/h3>\t\t<\/div>\n\t\t\t\t<\/div>\n\t\t\t\t<div class=\"elementor-element elementor-element-6ccfa1c elementor-widget-divider--view-line elementor-widget elementor-widget-divider\" data-id=\"6ccfa1c\" data-element_type=\"widget\" data-widget_type=\"divider.default\">\n\t\t\t\t<div class=\"elementor-widget-container\">\n\t\t\t\t\t<div class=\"elementor-divider\">\n\t\t\t<span class=\"elementor-divider-separator\">\n\t\t\t\t\t\t<\/span>\n\t\t<\/div>\n\t\t\t\t<\/div>\n\t\t\t\t<\/div>\n\t\t\t\t<div class=\"elementor-element elementor-element-9a57636 elementor-widget elementor-widget-text-editor\" data-id=\"9a57636\" data-element_type=\"widget\" data-widget_type=\"text-editor.default\">\n\t\t\t\t<div class=\"elementor-widget-container\">\n\t\t\t\t\t\t\t<p>\u00c9 um fabricante portugu\u00eas que se especializa no desenvolvimento e produ\u00e7\u00e3o de roupa para Senhora, Homem e Crian\u00e7a.<\/p>\n\t\t\t\t\t\t<\/div>\n\t\t\t\t<\/div>\n\t\t\t\t<div class=\"elementor-element elementor-element-88c5920 elementor-widget elementor-widget-text-editor\" data-id=\"88c5920\" data-element_type=\"widget\" data-widget_type=\"text-editor.default\">\n\t\t\t\t<div class=\"elementor-widget-container\">\n\t\t\t\t\t\t\t<p>Estamos comprometidos com o sucesso de nossos clientes. Colocamos todo o nosso amor e cuidado nos projetos que assumimos em nossas m\u00e3os e ficamos muito entusiasmados por traz\u00ea-los \u00e0 vida.<\/p>\n<p>O que defendemos:<\/p>\n<ul>\n<li>Ouvir, compreender, responder e executar<\/li>\n<li>Uma comunica\u00e7\u00e3o clara e aberta, embora discri\u00e7\u00e3o, \u00e9 uma prioridade<\/li>\n<li>Profissionalismo e trabalho de acordo com os mais altos padr\u00f5es \u00e9ticos<\/li>\n<li>Mobilidade e flexibilidade<\/li>\n<li>Durabilidade: embora nos esforcemos para agir imediatamente, valorizamos a qualidade e a vis\u00e3o de longo prazo.<\/li>\n<\/ul>\n\t\t\t\t\t\t<\/div>\n\t\t\t\t<\/div>\n\t\t\t\t\t<\/div>\n\t\t<\/div>\n\t\t\t\t<div class=\"elementor-column elementor-col-50 elementor-top-column elementor-element elementor-element-9ffb00e animated-slow elementor-invisible\" data-id=\"9ffb00e\" data-element_type=\"column\" data-settings=\"{&quot;background_background&quot;:&quot;classic&quot;,&quot;animation&quot;:&quot;fadeInRight&quot;}\">\n\t\t\t<div class=\"elementor-widget-wrap\">\n\t\t\t\t\t\t\t\t\t<\/div>\n\t\t<\/div>\n\t\t\t\t\t\t\t<\/div>\n\t\t<\/section>\n\t\t\t\t<section class=\"elementor-section elementor-top-section elementor-element elementor-element-c4012cf elementor-section-boxed elementor-section-height-default elementor-section-height-default\" data-id=\"c4012cf\" data-element_type=\"section\" data-settings=\"{&quot;background_background&quot;:&quot;classic&quot;}\">\n\t\t\t\t\t\t<div class=\"elementor-container elementor-column-gap-default\">\n\t\t\t\t\t<div class=\"elementor-column elementor-col-100 elementor-top-column elementor-element elementor-element-f0ff25e\" data-id=\"f0ff25e\" data-element_type=\"column\">\n\t\t\t<div class=\"elementor-widget-wrap elementor-element-populated\">\n\t\t\t\t\t\t\t\t<div class=\"elementor-element elementor-element-4779a35 elementor-widget elementor-widget-heading\" data-id=\"4779a35\" data-element_type=\"widget\" data-widget_type=\"heading.default\">\n\t\t\t\t<div class=\"elementor-widget-container\">\n\t\t\t<div class=\"elementor-heading-title elementor-size-default\">Nosso lema \u00e9 \u201cIt\u2019s not how good you are, it\u2019s how good you want to be\u201d<\/div>\t\t<\/div>\n\t\t\t\t<\/div>\n\t\t\t\t\t<\/div>\n\t\t<\/div>\n\t\t\t\t\t\t\t<\/div>\n\t\t<\/section>\n\t\t\t\t<section class=\"elementor-section elementor-top-section elementor-element elementor-element-69380c9 elementor-section-boxed elementor-section-height-default elementor-section-height-default\" data-id=\"69380c9\" data-element_type=\"section\">\n\t\t\t\t\t\t<div class=\"elementor-container elementor-column-gap-default\">\n\t\t\t\t\t<div class=\"elementor-column elementor-col-50 elementor-top-column elementor-element elementor-element-efdd5bd animated-slow elementor-invisible\" data-id=\"efdd5bd\" data-element_type=\"column\" data-settings=\"{&quot;background_background&quot;:&quot;classic&quot;,&quot;animation&quot;:&quot;fadeInLeft&quot;}\">\n\t\t\t<div class=\"elementor-widget-wrap\">\n\t\t\t\t\t\t\t\t\t<\/div>\n\t\t<\/div>\n\t\t\t\t<div class=\"elementor-column elementor-col-50 elementor-top-column elementor-element elementor-element-72a3901 animated-slow elementor-invisible\" data-id=\"72a3901\" data-element_type=\"column\" data-settings=\"{&quot;animation&quot;:&quot;fadeInRight&quot;}\">\n\t\t\t<div class=\"elementor-widget-wrap elementor-element-populated\">\n\t\t\t\t\t\t\t\t<div class=\"elementor-element elementor-element-4e629b8 elementor-widget elementor-widget-heading\" data-id=\"4e629b8\" data-element_type=\"widget\" data-widget_type=\"heading.default\">\n\t\t\t\t<div class=\"elementor-widget-container\">\n\t\t\t<h3 class=\"elementor-heading-title elementor-size-default\">Nossa miss\u00e3o<\/h3>\t\t<\/div>\n\t\t\t\t<\/div>\n\t\t\t\t<div class=\"elementor-element elementor-element-59c07b8 elementor-widget-divider--view-line elementor-widget elementor-widget-divider\" data-id=\"59c07b8\" data-element_type=\"widget\" data-widget_type=\"divider.default\">\n\t\t\t\t<div class=\"elementor-widget-container\">\n\t\t\t\t\t<div class=\"elementor-divider\">\n\t\t\t<span class=\"elementor-divider-separator\">\n\t\t\t\t\t\t<\/span>\n\t\t<\/div>\n\t\t\t\t<\/div>\n\t\t\t\t<\/div>\n\t\t\t\t<div class=\"elementor-element elementor-element-887820d elementor-widget elementor-widget-text-editor\" data-id=\"887820d\" data-element_type=\"widget\" data-widget_type=\"text-editor.default\">\n\t\t\t\t<div class=\"elementor-widget-container\">\n\t\t\t\t\t\t\t<p>Desenvolver um v\u00ednculo forte e profundo com os nossos clientes, tornando-se parte deles.<\/p>\n\t\t\t\t\t\t<\/div>\n\t\t\t\t<\/div>\n\t\t\t\t<div class=\"elementor-element elementor-element-418a5ee elementor-widget elementor-widget-text-editor\" data-id=\"418a5ee\" data-element_type=\"widget\" data-widget_type=\"text-editor.default\">\n\t\t\t\t<div class=\"elementor-widget-container\">\n\t\t\t\t\t\t\t<p>Como extens\u00e3o dos nossos clientes, fomentamos um conhecimento profundo dos seus posicionamentos e necessidades, oferecendo-lhes solu\u00e7\u00f5es em todo o processo de cria\u00e7\u00e3o, desenvolvimento, produ\u00e7\u00e3o e oferta ao cliente final.<\/p>\n<p>PT- A T\u00eaxtil adapta seus servi\u00e7os \u00e0s necessidades dos designers e marcas contempor\u00e2neas.<\/p>\n\t\t\t\t\t\t<\/div>\n\t\t\t\t<\/div>\n\t\t\t\t\t<\/div>\n\t\t<\/div>\n\t\t\t\t\t\t\t<\/div>\n\t\t<\/section>\n\t\t\t\t\t\t\t<\/div>\n\t\t","protected":false},"excerpt":{"rendered":"<p>PT-Textiles \u00c9 um fabricante portugu\u00eas que se especializa no desenvolvimento e produ\u00e7\u00e3o de roupa para Senhora, Homem e Crian\u00e7a. Estamos comprometidos com o sucesso de nossos clientes. Colocamos todo o nosso amor e cuidado nos projetos que assumimos em nossas m\u00e3os e ficamos muito entusiasmados por traz\u00ea-los \u00e0 vida. O que defendemos: Ouvir, compreender, responder [&hellip;]<\/p>\n","protected":false},"author":1,"featured_media":0,"parent":0,"menu_order":0,"comment_status":"closed","ping_status":"closed","template":"","meta":{"footnotes":""},"_links":{"self":[{"href":"https:\/\/pt-textiles.pt\/pt-pt\/wp-json\/wp\/v2\/pages\/552"}],"collection":[{"href":"https:\/\/pt-textiles.pt\/pt-pt\/wp-json\/wp\/v2\/pages"}],"about":[{"href":"https:\/\/pt-textiles.pt\/pt-pt\/wp-json\/wp\/v2\/types\/page"}],"author":[{"embeddable":true,"href":"https:\/\/pt-textiles.pt\/pt-pt\/wp-json\/wp\/v2\/users\/1"}],"replies":[{"embeddable":true,"href":"https:\/\/pt-textiles.pt\/pt-pt\/wp-json\/wp\/v2\/comments?post=552"}],"version-history":[{"count":1,"href":"https:\/\/pt-textiles.pt\/pt-pt\/wp-json\/wp\/v2\/pages\/552\/revisions"}],"predecessor-version":[{"id":553,"href":"https:\/\/pt-textiles.pt\/pt-pt\/wp-json\/wp\/v2\/pages\/552\/revisions\/553"}],"wp:attachment":[{"href":"https:\/\/pt-textiles.pt\/pt-pt\/wp-json\/wp\/v2\/media?parent=552"}],"curies":[{"name":"wp","href":"https:\/\/api.w.org\/{rel}","templated":true}]}}