{"id":548,"date":"2020-12-11T10:51:21","date_gmt":"2020-12-11T10:51:21","guid":{"rendered":"https:\/\/pt-textiles.pt\/home\/"},"modified":"2020-12-11T11:31:41","modified_gmt":"2020-12-11T11:31:41","slug":"home","status":"publish","type":"page","link":"https:\/\/pt-textiles.pt\/pt-pt\/","title":{"rendered":"Home"},"content":{"rendered":"\t\t<div data-elementor-type=\"wp-page\" data-elementor-id=\"548\" class=\"elementor elementor-548 elementor-19\" data-elementor-post-type=\"page\">\n\t\t\t\t\t\t\t\t\t<section class=\"elementor-section elementor-top-section elementor-element elementor-element-86a648d elementor-section-boxed elementor-section-height-default elementor-section-height-default\" data-id=\"86a648d\" data-element_type=\"section\" data-settings=\"{&quot;background_background&quot;:&quot;classic&quot;}\">\n\t\t\t\t\t\t<div class=\"elementor-container elementor-column-gap-no\">\n\t\t\t\t\t<div class=\"elementor-column elementor-col-100 elementor-top-column elementor-element elementor-element-3fdfe58\" data-id=\"3fdfe58\" data-element_type=\"column\" data-settings=\"{&quot;background_background&quot;:&quot;slideshow&quot;,&quot;background_slideshow_gallery&quot;:[],&quot;background_slideshow_loop&quot;:&quot;yes&quot;,&quot;background_slideshow_slide_duration&quot;:5000,&quot;background_slideshow_slide_transition&quot;:&quot;fade&quot;,&quot;background_slideshow_transition_duration&quot;:500}\">\n\t\t\t<div class=\"elementor-widget-wrap elementor-element-populated\">\n\t\t\t\t\t\t\t\t<div class=\"elementor-element elementor-element-02ef4d7 elementor--h-position-center elementor--v-position-middle elementor-arrows-position-inside elementor-widget elementor-widget-slides\" data-id=\"02ef4d7\" data-element_type=\"widget\" data-settings=\"{&quot;navigation&quot;:&quot;arrows&quot;,&quot;autoplay&quot;:&quot;yes&quot;,&quot;pause_on_hover&quot;:&quot;yes&quot;,&quot;pause_on_interaction&quot;:&quot;yes&quot;,&quot;autoplay_speed&quot;:5000,&quot;infinite&quot;:&quot;yes&quot;,&quot;transition&quot;:&quot;slide&quot;,&quot;transition_speed&quot;:500}\" data-widget_type=\"slides.default\">\n\t\t\t\t<div class=\"elementor-widget-container\">\n\t\t\t\t\t<div class=\"elementor-swiper\">\n\t\t\t<div class=\"elementor-slides-wrapper elementor-main-swiper swiper-container\" dir=\"ltr\" data-animation=\"\">\n\t\t\t\t<div class=\"swiper-wrapper elementor-slides\">\n\t\t\t\t\t\t\t\t\t\t<div class=\"elementor-repeater-item-be88050 swiper-slide\"><div class=\"swiper-slide-bg\" role=\"img\"><\/div><div class=\"swiper-slide-inner\" ><div class=\"swiper-slide-contents\"><div class=\"elementor-slide-heading\">Imagine, Crie,<br>Inspire.<\/div><div class=\"elementor-slide-description\"><p>by PT Desing<\/p>\n<\/div><\/div><\/div><\/div>\t\t\t\t<\/div>\n\t\t\t\t\t\t\t<\/div>\n\t\t<\/div>\n\t\t\t\t<\/div>\n\t\t\t\t<\/div>\n\t\t\t\t\t<\/div>\n\t\t<\/div>\n\t\t\t\t\t\t\t<\/div>\n\t\t<\/section>\n\t\t\t\t<section class=\"elementor-section elementor-top-section elementor-element elementor-element-0ee3c1d elementor-section-boxed elementor-section-height-default elementor-section-height-default\" data-id=\"0ee3c1d\" data-element_type=\"section\" data-settings=\"{&quot;background_background&quot;:&quot;classic&quot;}\">\n\t\t\t\t\t\t<div class=\"elementor-container elementor-column-gap-default\">\n\t\t\t\t\t<div class=\"elementor-column elementor-col-33 elementor-top-column elementor-element elementor-element-0b77fe8\" data-id=\"0b77fe8\" data-element_type=\"column\">\n\t\t\t<div class=\"elementor-widget-wrap elementor-element-populated\">\n\t\t\t\t\t\t\t\t<div class=\"elementor-element elementor-element-69ebd9b animated-slow elementor-invisible elementor-widget elementor-widget-heading\" data-id=\"69ebd9b\" data-element_type=\"widget\" data-settings=\"{&quot;_animation&quot;:&quot;fadeIn&quot;}\" data-widget_type=\"heading.default\">\n\t\t\t\t<div class=\"elementor-widget-container\">\n\t\t\t<h2 class=\"elementor-heading-title elementor-size-default\">Nossos servi\u00e7os<\/h2>\t\t<\/div>\n\t\t\t\t<\/div>\n\t\t\t\t<div class=\"elementor-element elementor-element-8a02772 animated-slow elementor-invisible elementor-widget elementor-widget-text-editor\" data-id=\"8a02772\" data-element_type=\"widget\" data-settings=\"{&quot;_animation&quot;:&quot;fadeIn&quot;,&quot;_animation_delay&quot;:200}\" data-widget_type=\"text-editor.default\">\n\t\t\t\t<div class=\"elementor-widget-container\">\n\t\t\t\t\t\t\t<p>N\u00f3s constru\u00edmos<br \/>as suas ideias.<\/p>\n\t\t\t\t\t\t<\/div>\n\t\t\t\t<\/div>\n\t\t\t\t<div class=\"elementor-element elementor-element-c485517 animated-slow elementor-widget-divider--view-line elementor-invisible elementor-widget elementor-widget-divider\" data-id=\"c485517\" data-element_type=\"widget\" data-settings=\"{&quot;_animation&quot;:&quot;fadeIn&quot;,&quot;_animation_delay&quot;:400}\" data-widget_type=\"divider.default\">\n\t\t\t\t<div class=\"elementor-widget-container\">\n\t\t\t\t\t<div class=\"elementor-divider\">\n\t\t\t<span class=\"elementor-divider-separator\">\n\t\t\t\t\t\t<\/span>\n\t\t<\/div>\n\t\t\t\t<\/div>\n\t\t\t\t<\/div>\n\t\t\t\t<div class=\"elementor-element elementor-element-45c6ff7 animated-slow elementor-mobile-align-center elementor-invisible elementor-widget elementor-widget-button\" data-id=\"45c6ff7\" data-element_type=\"widget\" data-settings=\"{&quot;_animation&quot;:&quot;fadeIn&quot;,&quot;_animation_delay&quot;:600}\" data-widget_type=\"button.default\">\n\t\t\t\t<div class=\"elementor-widget-container\">\n\t\t\t\t\t<div class=\"elementor-button-wrapper\">\n\t\t\t<a class=\"elementor-button elementor-button-link elementor-size-sm elementor-animation-grow\" href=\"https:\/\/pt-textiles.pt\/services\/\">\n\t\t\t\t\t\t<span class=\"elementor-button-content-wrapper\">\n\t\t\t\t\t\t<span class=\"elementor-button-text\">Saber mais<\/span>\n\t\t<\/span>\n\t\t\t\t\t<\/a>\n\t\t<\/div>\n\t\t\t\t<\/div>\n\t\t\t\t<\/div>\n\t\t\t\t\t<\/div>\n\t\t<\/div>\n\t\t\t\t<div class=\"elementor-column elementor-col-66 elementor-top-column elementor-element elementor-element-ed30c7d\" data-id=\"ed30c7d\" data-element_type=\"column\" data-settings=\"{&quot;background_background&quot;:&quot;classic&quot;}\">\n\t\t\t<div class=\"elementor-widget-wrap elementor-element-populated\">\n\t\t\t\t\t\t\t\t<section class=\"elementor-section elementor-inner-section elementor-element elementor-element-67a1be4 elementor-section-boxed elementor-section-height-default elementor-section-height-default\" data-id=\"67a1be4\" data-element_type=\"section\">\n\t\t\t\t\t\t<div class=\"elementor-container elementor-column-gap-wider\">\n\t\t\t\t\t<div class=\"elementor-column elementor-col-50 elementor-inner-column elementor-element elementor-element-25cdb16 animated-slow elementor-invisible\" data-id=\"25cdb16\" data-element_type=\"column\" data-settings=\"{&quot;animation&quot;:&quot;fadeInUp&quot;}\">\n\t\t\t<div class=\"elementor-widget-wrap elementor-element-populated\">\n\t\t\t\t\t\t\t\t<div class=\"elementor-element elementor-element-c1683eb elementor-view-default elementor-widget elementor-widget-icon\" data-id=\"c1683eb\" data-element_type=\"widget\" data-widget_type=\"icon.default\">\n\t\t\t\t<div class=\"elementor-widget-container\">\n\t\t\t\t\t<div class=\"elementor-icon-wrapper\">\n\t\t\t<div class=\"elementor-icon\">\n\t\t\t<svg xmlns=\"http:\/\/www.w3.org\/2000\/svg\" xmlns:xlink=\"http:\/\/www.w3.org\/1999\/xlink\" id=\"Layer_1\" x=\"0px\" y=\"0px\" viewBox=\"0 0 512 512\" style=\"enable-background:new 0 0 512 512;\" xml:space=\"preserve\"><style type=\"text\/css\">\t.st0{fill:#98B7BA;}\t.st1{fill:#FFFFFF;}<\/style><circle id=\"Elipse_1\" class=\"st0\" cx=\"256.5\" cy=\"256.1\" r=\"251.5\"><\/circle><g id=\"Grupo_5\" transform=\"translate(936.012 1247.898)\">\t<path id=\"Caminho_11\" class=\"st1\" d=\"M-738.9-1095.7c-16.7,0-32.7,7-44,19.4c-24,26.2-24,66.4,0,92.6l91.3,98.5   c3.4,3.7,9.2,3.9,12.9,0.5c0.2-0.2,0.3-0.3,0.5-0.5c30.5-32.8,60.9-65.6,91.4-98.4c24-26.2,24-66.4,0-92.6   c-22.2-24.3-59.8-25.9-84.1-3.8c-1.3,1.2-2.6,2.4-3.8,3.8l-10.2,10.9l-10.2-11C-706.3-1088.7-722.2-1095.7-738.9-1095.7   L-738.9-1095.7z M-738.9-1077.9c11.7,0.2,22.8,5.3,30.5,14l16.9,18.2c3.4,3.7,9.2,3.9,12.9,0.5c0.2-0.2,0.3-0.3,0.5-0.5l16.8-18.1   c14.6-16.9,40-18.7,56.9-4.2c1.5,1.3,2.9,2.7,4.2,4.2c17.3,19.3,17.3,48.5,0,67.7l-84.6,91.1l-84.6-91.2   c-17.3-19.2-17.4-48.4-0.1-67.7C-761.7-1072.6-750.6-1077.7-738.9-1077.9L-738.9-1077.9z\"><\/path><\/g><\/svg>\t\t\t<\/div>\n\t\t<\/div>\n\t\t\t\t<\/div>\n\t\t\t\t<\/div>\n\t\t\t\t<div class=\"elementor-element elementor-element-beb32af elementor-widget elementor-widget-text-editor\" data-id=\"beb32af\" data-element_type=\"widget\" data-widget_type=\"text-editor.default\">\n\t\t\t\t<div class=\"elementor-widget-container\">\n\t\t\t\t\t\t\t<p>Ajudamos a tornar seu sonho realidade<\/p>\n\t\t\t\t\t\t<\/div>\n\t\t\t\t<\/div>\n\t\t\t\t\t<\/div>\n\t\t<\/div>\n\t\t\t\t<div class=\"elementor-column elementor-col-50 elementor-inner-column elementor-element elementor-element-bf1b5df animated-slow elementor-invisible\" data-id=\"bf1b5df\" data-element_type=\"column\" data-settings=\"{&quot;animation&quot;:&quot;fadeInUp&quot;,&quot;animation_delay&quot;:300}\">\n\t\t\t<div class=\"elementor-widget-wrap elementor-element-populated\">\n\t\t\t\t\t\t\t\t<div class=\"elementor-element elementor-element-6536a48 elementor-view-default elementor-widget elementor-widget-icon\" data-id=\"6536a48\" data-element_type=\"widget\" data-widget_type=\"icon.default\">\n\t\t\t\t<div class=\"elementor-widget-container\">\n\t\t\t\t\t<div class=\"elementor-icon-wrapper\">\n\t\t\t<div class=\"elementor-icon\">\n\t\t\t<svg xmlns=\"http:\/\/www.w3.org\/2000\/svg\" xmlns:xlink=\"http:\/\/www.w3.org\/1999\/xlink\" id=\"Layer_1\" x=\"0px\" y=\"0px\" viewBox=\"0 0 512 512\" style=\"enable-background:new 0 0 512 512;\" xml:space=\"preserve\"><style type=\"text\/css\">\t.st0{fill:#98B7BA;}\t.st1{fill:#FFFFFF;}<\/style><circle id=\"Elipse_6\" class=\"st0\" cx=\"256\" cy=\"256\" r=\"251.9\"><\/circle><g id=\"Grupo_7\" transform=\"translate(1531 1249.76)\">\t<g id=\"Grupo_6\" transform=\"translate(12 8)\">\t\t<path id=\"Caminho_12\" class=\"st1\" d=\"M-1287-1136.5c-45.8,0.1-82.9,37.2-82.9,82.9c0,21.7,9.6,36.7,19,51.2    c3.2,5,6.6,10.2,9.5,15.7c3.2,9.9,5.2,20.2,6.1,30.6l0.7,6.1h95.2l0.7-6.1c0.9-10.4,3-20.6,6.1-30.6c3-5.5,6.3-10.7,9.5-15.7    c9.3-14.5,19-29.5,19-51.2C-1204.1-1099.4-1241.2-1136.5-1287-1136.5z M-1234.7-1009.8c-3.4,5.2-6.8,10.7-10.1,16.6    c-3.6,9.5-5.9,19.4-6.9,29.5h-70.7c-1-10.1-3.3-20-6.9-29.5c-3.2-6-6.7-11.4-10.1-16.6c-9-14-16.8-26.1-16.8-43.8    c0.4-38.2,31.6-68.8,69.7-68.5c37.7,0.3,68.1,30.8,68.5,68.5C-1217.9-1035.9-1225.7-1023.8-1234.7-1009.8z\"><\/path>\t\t<rect id=\"Ret&#xE2;ngulo_5\" x=\"-1328.5\" y=\"-937.3\" class=\"st1\" width=\"82.9\" height=\"13.8\"><\/rect>\t\t<path id=\"Caminho_13\" class=\"st1\" d=\"M-1328.5-893.4h14c0.7,15.2,13.5,27,28.7,26.3c14.3-0.6,25.7-12,26.3-26.3h14v-13.8h-82.9    V-893.4z M-1287-880.8c-7.1,0-13.1-5.5-13.7-12.6h27.4C-1273.9-886.3-1279.9-880.8-1287-880.8z\"><\/path>\t<\/g><\/g><\/svg>\t\t\t<\/div>\n\t\t<\/div>\n\t\t\t\t<\/div>\n\t\t\t\t<\/div>\n\t\t\t\t<div class=\"elementor-element elementor-element-8f4bfbd elementor-widget elementor-widget-text-editor\" data-id=\"8f4bfbd\" data-element_type=\"widget\" data-widget_type=\"text-editor.default\">\n\t\t\t\t<div class=\"elementor-widget-container\">\n\t\t\t\t\t\t\t<p>Tem alguma ideia? N\u00f3s tornamos real<\/p>\n\t\t\t\t\t\t<\/div>\n\t\t\t\t<\/div>\n\t\t\t\t\t<\/div>\n\t\t<\/div>\n\t\t\t\t\t\t\t<\/div>\n\t\t<\/section>\n\t\t\t\t<section class=\"elementor-section elementor-inner-section elementor-element elementor-element-11f69a1 elementor-section-boxed elementor-section-height-default elementor-section-height-default\" data-id=\"11f69a1\" data-element_type=\"section\">\n\t\t\t\t\t\t<div class=\"elementor-container elementor-column-gap-wider\">\n\t\t\t\t\t<div class=\"elementor-column elementor-col-50 elementor-inner-column elementor-element elementor-element-e556a7a animated-slow elementor-invisible\" data-id=\"e556a7a\" data-element_type=\"column\" data-settings=\"{&quot;animation&quot;:&quot;fadeInUp&quot;,&quot;animation_delay&quot;:600}\">\n\t\t\t<div class=\"elementor-widget-wrap elementor-element-populated\">\n\t\t\t\t\t\t\t\t<div class=\"elementor-element elementor-element-ab4a7eb elementor-view-default elementor-widget elementor-widget-icon\" data-id=\"ab4a7eb\" data-element_type=\"widget\" data-widget_type=\"icon.default\">\n\t\t\t\t<div class=\"elementor-widget-container\">\n\t\t\t\t\t<div class=\"elementor-icon-wrapper\">\n\t\t\t<div class=\"elementor-icon\">\n\t\t\t<svg xmlns=\"http:\/\/www.w3.org\/2000\/svg\" xmlns:xlink=\"http:\/\/www.w3.org\/1999\/xlink\" id=\"Layer_1\" x=\"0px\" y=\"0px\" viewBox=\"0 0 512 512\" style=\"enable-background:new 0 0 512 512;\" xml:space=\"preserve\"><style type=\"text\/css\">\t.st0{fill:#98B7BA;}\t.st1{fill:#FFFFFF;}<\/style><g>\t<circle id=\"Elipse_4\" class=\"st0\" cx=\"256\" cy=\"256\" r=\"251.9\"><\/circle>\t<g id=\"Grupo_8\" transform=\"translate(934.011 1564.011)\">\t\t<path id=\"Caminho_14\" class=\"st1\" d=\"M-700.6-1284.2c-1.4-1.4-3.7-1.4-5.1,0c-1.4,1.4-1.4,3.6,0,5l13.5,13.5    c1.4,1.4,3.7,1.4,5.1,0c1.4-1.4,1.4-3.6,0-5L-700.6-1284.2z\"><\/path>\t\t<path id=\"Caminho_15\" class=\"st1\" d=\"M-727.6-1311.2c-1.4-1.4-3.7-1.4-5.1,0s-1.4,3.7,0,5.1c0,0,0,0,0,0l13.5,13.5    c1.4,1.4,3.7,1.4,5.1,0s1.4-3.7,0-5.1c0,0,0,0,0,0L-727.6-1311.2z\"><\/path>\t\t<path id=\"Caminho_16\" class=\"st1\" d=\"M-673.5-1257.1c-1.4-1.4-3.7-1.4-5.1,0s-1.4,3.7,0,5.1c0,0,0,0,0,0l13.5,13.5    c1.4,1.4,3.7,1.4,5.1,0c1.4-1.4,1.4-3.6,0-5L-673.5-1257.1z\"><\/path>\t\t<path id=\"Caminho_17\" class=\"st1\" d=\"M-542-1434.3l-41.7,41.7l-20.1-20.1c-19-19-49.9-19-68.9,0l-149.5,149.5    c-1.4,1.4-1.4,3.7,0,5.1l109,109c1.4,1.4,3.7,1.4,5.1,0l149.5-149.5c19-19,19-49.9,0-68.9l-20.1-20.1l41.7-41.7    c1.4-1.4,1.4-3.7,0-5.1C-538.3-1435.7-540.6-1435.7-542-1434.3z M-563.6-1362.4c16.2,16.2,16.2,42.5,0,58.8l-78.2,78.2l-4.7-4.7    c-1.4-1.4-3.7-1.4-5.1,0s-1.4,3.7,0,5.1c0,0,0,0,0,0l4.7,4.7l-63.7,63.7l-104-104l63.7-63.7l4.7,4.7c1.4,1.4,3.7,1.4,5.1,0    c1.4-1.4,1.4-3.7,0-5.1l-4.7-4.7l78.2-78.2c16.2-16.2,42.5-16.2,58.8,0l20.1,20.1l-12.2,12.2c-9.7-6.8-23.1-4.5-29.9,5.3    c-6.8,9.7-4.5,23.1,5.3,29.9c9.7,6.8,23.1,4.5,29.9-5.3c5.2-7.5,5.2-17.5-0.2-24.9l12.1-12.1L-563.6-1362.4z M-603.2-1368    c5.7,5.7,5.7,14.9,0,20.6c0,0,0,0,0,0c-5.7,5.5-14.8,5.5-20.6,0c-5.7-5.7-5.7-14.9,0-20.6C-618.1-1373.7-608.9-1373.7-603.2-1368z    \"><\/path>\t<\/g><\/g><\/svg>\t\t\t<\/div>\n\t\t<\/div>\n\t\t\t\t<\/div>\n\t\t\t\t<\/div>\n\t\t\t\t<div class=\"elementor-element elementor-element-cfb9370 elementor-widget elementor-widget-text-editor\" data-id=\"cfb9370\" data-element_type=\"widget\" data-widget_type=\"text-editor.default\">\n\t\t\t\t<div class=\"elementor-widget-container\">\n\t\t\t\t\t\t\t<p>Executamos as suas pe\u00e7as<\/p>\n\t\t\t\t\t\t<\/div>\n\t\t\t\t<\/div>\n\t\t\t\t\t<\/div>\n\t\t<\/div>\n\t\t\t\t<div class=\"elementor-column elementor-col-50 elementor-inner-column elementor-element elementor-element-1d7850f animated-slow elementor-invisible\" data-id=\"1d7850f\" data-element_type=\"column\" data-settings=\"{&quot;animation&quot;:&quot;fadeInUp&quot;,&quot;animation_delay&quot;:900}\">\n\t\t\t<div class=\"elementor-widget-wrap elementor-element-populated\">\n\t\t\t\t\t\t\t\t<div class=\"elementor-element elementor-element-7db2835 elementor-view-default elementor-widget elementor-widget-icon\" data-id=\"7db2835\" data-element_type=\"widget\" data-widget_type=\"icon.default\">\n\t\t\t\t<div class=\"elementor-widget-container\">\n\t\t\t\t\t<div class=\"elementor-icon-wrapper\">\n\t\t\t<div class=\"elementor-icon\">\n\t\t\t<svg xmlns=\"http:\/\/www.w3.org\/2000\/svg\" xmlns:xlink=\"http:\/\/www.w3.org\/1999\/xlink\" id=\"Layer_1\" x=\"0px\" y=\"0px\" viewBox=\"0 0 512 512\" style=\"enable-background:new 0 0 512 512;\" xml:space=\"preserve\"><style type=\"text\/css\">\t.st10{fill:#FC0000;}\t.st11{fill:#005900;}\t.st12{enable-background:new    ;}\t.st13{fill:#FFFFFF;}<\/style><g>\t<path class=\"st10\" d=\"M256,1.7c-27,0-53.1,4.2-77.5,12v484.5c24.4,7.8,50.5,12,77.5,12c140.4,0,254.3-113.9,254.3-254.3   S396.4,1.7,256,1.7z\"><\/path>\t<path class=\"st11\" d=\"M177.5,14.1C75.5,47.1,1.7,143,1.7,256s73.8,208.9,175.8,241.9c0.3,0.1,0.7,0.2,1,0.3V13.7   C178.2,13.8,177.8,14,177.5,14.1z\"><\/path><\/g><g>\t<g class=\"st12\">\t\t<path class=\"st13\" d=\"M69.9,194.8h7.7v4.7c2.1-3.3,5.7-5.5,11.9-5.5c6.4,0,11.3,2.6,14,7.6c3.3-5.1,8.5-7.6,14.4-7.6    c10.2,0,16.5,6.3,16.5,18.8v29.9h-7.7v-29.8c0-8.7-4.3-11.8-10-11.8c-6.1,0-10.7,4.9-10.7,11.7v29.9h-7.7v-29.8    c0-8.7-4.3-11.8-10-11.8c-6.2,0-10.7,5.1-10.7,11.7v29.9h-7.7C69.9,242.7,69.9,194.8,69.9,194.8z\"><\/path>\t\t<path class=\"st13\" d=\"M171.8,215h11.4v-5.6c0-6.8-3.2-8.3-10.6-8.3c-5.7,0-8.8,0.5-11.5,4.9l-5.7-4c3.4-5.6,8.2-7.9,17.3-7.9    c12.2,0,18.2,3.9,18.2,15.4v33.2h-7.7V238c-2.7,4.4-5.9,5.5-12.2,5.5c-11.1,0-17.1-5.5-17.1-14.7C153.9,218.3,161.2,215,171.8,215    z M183.2,221.5h-11.4c-7.6,0-10.2,2.6-10.2,7.4c0,5.4,3.8,7.5,9.5,7.5c7.1,0,12.2-1.3,12.2-12.1v-2.8H183.2z\"><\/path>\t\t<path class=\"st13\" d=\"M242.6,176.6h7.7v66.1h-7.7v-4.2c-2.6,3.4-6.7,5-13,5c-13,0-19.1-9.2-19.1-21.6v-6.3    c0-13.7,7.3-21.4,19.1-21.4c6.3,0,10.4,2,13,5.6V176.6z M242.6,222.4v-7c0-9-4.4-14.6-12.3-14.6s-12.3,5.5-12.3,14.6v6.3    c0,8.1,4.1,14.7,12.3,14.7C238.9,236.5,242.6,230.4,242.6,222.4z\"><\/path>\t\t<path class=\"st13\" d=\"M307.1,235.4c-3.4,5.8-8.4,8-16.8,8c-12.8,0-20.5-8.3-20.5-21.6v-6.3c0-13.6,6.4-21.4,19-21.4s19,7.8,19,21.4    v5h-30.3v1.3c0,8.2,3.9,14.7,12.3,14.7c6.2,0,9.4-1.8,11.4-5.4L307.1,235.4z M277.5,213.7H300c-0.4-8-3.9-12.8-11.2-12.8    C281.5,200.9,278,205.8,277.5,213.7z\"><\/path>\t\t<path class=\"st13\" d=\"M363,176.6h8.6v8.6H363V176.6z M363.5,194.8h7.7v47.9h-7.7V194.8z\"><\/path>\t\t<path class=\"st13\" d=\"M394.6,194.8h7.7v4.7c2.4-3.6,5.7-5.5,12.8-5.5c10.2,0,17.4,5.4,17.4,18.8v29.9h-7.7v-29.8    c0-9.7-5.3-11.8-10.9-11.8c-7.2,0-11.7,5.1-11.7,11.7v29.9h-7.7v-47.9H394.6z\"><\/path>\t<\/g>\t<g class=\"st12\">\t\t<path class=\"st13\" d=\"M62.7,295.2v25.2h-8.2v-66.1h21.1c15.2,0,24,7.7,24,20.5c0,12.7-8.7,20.4-24,20.4H62.7z M75.5,287.8    c11.2,0,15.8-4.8,15.8-12.9c0-8.2-4.6-13-15.8-13H62.7v25.9H75.5z\"><\/path>\t\t<path class=\"st13\" d=\"M153.5,299.6c0,12.4-6.1,21.6-19.9,21.6c-12.7,0-19.9-8.4-19.9-21.6v-6.3c0-13.6,7.4-21.4,19.9-21.4    c12.6,0,19.9,7.8,19.9,21.4V299.6z M145.9,299.6v-6.3c0-9.1-4.4-14.6-12.3-14.6s-12.3,5.6-12.3,14.6v6.3c0,8.2,3.4,14.7,12.3,14.7    C141.8,314.3,145.9,307.7,145.9,299.6z\"><\/path>\t\t<path class=\"st13\" d=\"M199.1,282.9c-2-2.8-4.5-4-8-4c-5.8,0-10.2,4.4-10.2,11.6v30h-7.7v-47.9h7.7v4.7c2-3.4,5.3-5.5,11.1-5.5    c6.5,0,10.6,2.2,13.7,6.5L199.1,282.9z\"><\/path>\t\t<path class=\"st13\" d=\"M216.2,272.6h6.1V262h7.7v10.5h11v6.9h-11v24.3c0,6.6,0.8,9.4,7.2,9.4h3.8v7.3h-4.1    c-11.3,0-14.6-4.8-14.6-14.7v-26.2h-6.1L216.2,272.6L216.2,272.6z\"><\/path>\t\t<path class=\"st13\" d=\"M298.1,320.4h-7.7v-4.7c-2.4,3.6-5.7,5.5-12.8,5.5c-10.2,0-17.4-5.4-17.4-18.8v-29.9h7.7v29.8    c0,9.7,5.3,11.8,10.9,11.8c7.2,0,11.7-5.1,11.7-11.7v-29.9h7.7v47.9H298.1z\"><\/path>\t\t<path class=\"st13\" d=\"M349.9,272.6h7.7v46.9c0,13.3-7.7,19.7-20.5,19.7c-8.3,0-13.4-2.2-16.8-8l5.9-4.2c2,3.5,5.2,5.4,11.4,5.4    c8.3,0,12.3-4.6,12.3-12.8v-3.3c-2.6,3.4-6.7,5-13,5c-13,0-19.1-9.2-19.1-21.6v-6.3c0-13.7,7.3-21.4,19.1-21.4    c6.3,0,10.4,2,13,5.6V272.6z M349.9,299.6v-6.3c0-9-4.4-14.6-12.3-14.6s-12.3,5.5-12.3,14.6v6.3c0,8.1,4.1,14.7,12.3,14.7    C346.4,314.3,349.9,307.8,349.9,299.6z\"><\/path>\t\t<path class=\"st13\" d=\"M395,292.8h11.4v-5.6c0-6.8-3.2-8.3-10.6-8.3c-5.7,0-8.8,0.5-11.5,4.9l-5.7-4c3.4-5.6,8.2-7.9,17.3-7.9    c12.2,0,18.2,3.9,18.2,15.4v33.2h-7.7v-4.7c-2.7,4.4-5.9,5.5-12.2,5.5c-11.1,0-17.1-5.5-17.1-14.7    C377.1,296.1,384.5,292.8,395,292.8z M406.4,299.3H395c-7.6,0-10.2,2.6-10.2,7.4c0,5.4,3.8,7.5,9.5,7.5c7.1,0,12.2-1.3,12.2-12.1    v-2.8H406.4z\"><\/path>\t\t<path class=\"st13\" d=\"M436.1,254.4h7.7v49.4c0,5.2,0.3,9.6,8.1,9.6v7.1c-12.1,0-15.8-4.8-15.8-14.7L436.1,254.4L436.1,254.4z\"><\/path>\t<\/g><\/g><\/svg>\t\t\t<\/div>\n\t\t<\/div>\n\t\t\t\t<\/div>\n\t\t\t\t<\/div>\n\t\t\t\t<div class=\"elementor-element elementor-element-250ea08 elementor-widget elementor-widget-text-editor\" data-id=\"250ea08\" data-element_type=\"widget\" data-widget_type=\"text-editor.default\">\n\t\t\t\t<div class=\"elementor-widget-container\">\n\t\t\t\t\t\t\t<p>\u00c9 tudo produzido em portugal<\/p>\n\t\t\t\t\t\t<\/div>\n\t\t\t\t<\/div>\n\t\t\t\t\t<\/div>\n\t\t<\/div>\n\t\t\t\t\t\t\t<\/div>\n\t\t<\/section>\n\t\t\t\t\t<\/div>\n\t\t<\/div>\n\t\t\t\t\t\t\t<\/div>\n\t\t<\/section>\n\t\t\t\t<section class=\"elementor-section elementor-top-section elementor-element elementor-element-538c927 elementor-section-boxed elementor-section-height-default elementor-section-height-default\" data-id=\"538c927\" data-element_type=\"section\" data-settings=\"{&quot;background_background&quot;:&quot;classic&quot;}\">\n\t\t\t\t\t\t<div class=\"elementor-container elementor-column-gap-no\">\n\t\t\t\t\t<div class=\"elementor-column elementor-col-66 elementor-top-column elementor-element elementor-element-403ac2b\" data-id=\"403ac2b\" data-element_type=\"column\" data-settings=\"{&quot;background_background&quot;:&quot;slideshow&quot;,&quot;background_slideshow_gallery&quot;:[{&quot;id&quot;:81,&quot;url&quot;:&quot;https:\\\/\\\/pt-textiles.pt\\\/wp-content\\\/uploads\\\/2020\\\/11\\\/black-pants-on-brown-textile-4614224.jpg&quot;}],&quot;background_slideshow_loop&quot;:&quot;yes&quot;,&quot;background_slideshow_slide_duration&quot;:5000,&quot;background_slideshow_slide_transition&quot;:&quot;fade&quot;,&quot;background_slideshow_transition_duration&quot;:500}\">\n\t\t\t<div class=\"elementor-widget-wrap\">\n\t\t\t\t\t\t\t\t\t<\/div>\n\t\t<\/div>\n\t\t\t\t<div class=\"elementor-column elementor-col-33 elementor-top-column elementor-element elementor-element-3f2fa76\" data-id=\"3f2fa76\" data-element_type=\"column\">\n\t\t\t<div class=\"elementor-widget-wrap elementor-element-populated\">\n\t\t\t\t\t\t\t\t<div class=\"elementor-element elementor-element-8c5a8dc animated-slow elementor-invisible elementor-widget elementor-widget-heading\" data-id=\"8c5a8dc\" data-element_type=\"widget\" data-settings=\"{&quot;_animation&quot;:&quot;fadeIn&quot;}\" data-widget_type=\"heading.default\">\n\t\t\t\t<div class=\"elementor-widget-container\">\n\t\t\t<h2 class=\"elementor-heading-title elementor-size-default\">Sobre n\u00f3s<\/h2>\t\t<\/div>\n\t\t\t\t<\/div>\n\t\t\t\t<div class=\"elementor-element elementor-element-20ae4c4 animated-slow elementor-widget-divider--view-line elementor-invisible elementor-widget elementor-widget-divider\" data-id=\"20ae4c4\" data-element_type=\"widget\" data-settings=\"{&quot;_animation&quot;:&quot;fadeIn&quot;,&quot;_animation_delay&quot;:200}\" data-widget_type=\"divider.default\">\n\t\t\t\t<div class=\"elementor-widget-container\">\n\t\t\t\t\t<div class=\"elementor-divider\">\n\t\t\t<span class=\"elementor-divider-separator\">\n\t\t\t\t\t\t<\/span>\n\t\t<\/div>\n\t\t\t\t<\/div>\n\t\t\t\t<\/div>\n\t\t\t\t<div class=\"elementor-element elementor-element-0c6cb99 animated-slow elementor-invisible elementor-widget elementor-widget-text-editor\" data-id=\"0c6cb99\" data-element_type=\"widget\" data-settings=\"{&quot;_animation&quot;:&quot;fadeIn&quot;,&quot;_animation_delay&quot;:400}\" data-widget_type=\"text-editor.default\">\n\t\t\t\t<div class=\"elementor-widget-container\">\n\t\t\t\t\t\t\t<p>A PT-Textiles \u00e9 um fabricante portugu\u00eas que se especializa no desenvolvimento e produ\u00e7\u00e3o de vestu\u00e1rio para Mulher, Homem e Crian\u00e7a.<\/p>\n<p>Na PT-Textiles apostamos no sucesso dos nossos clientes. Colocamos todo o nosso amor e carinho nos projetos que assumimos nas nossas m\u00e3os, e ficamos muito emocionados ao traz\u00ea-los \u00e0 vida.<\/p>\n\t\t\t\t\t\t<\/div>\n\t\t\t\t<\/div>\n\t\t\t\t<div class=\"elementor-element elementor-element-298f106 animated-slow elementor-mobile-align-center elementor-invisible elementor-widget elementor-widget-button\" data-id=\"298f106\" data-element_type=\"widget\" data-settings=\"{&quot;_animation&quot;:&quot;fadeIn&quot;,&quot;_animation_delay&quot;:600}\" data-widget_type=\"button.default\">\n\t\t\t\t<div class=\"elementor-widget-container\">\n\t\t\t\t\t<div class=\"elementor-button-wrapper\">\n\t\t\t<a class=\"elementor-button elementor-button-link elementor-size-sm elementor-animation-grow\" href=\"https:\/\/pt-textiles.pt\/about-us\/\">\n\t\t\t\t\t\t<span class=\"elementor-button-content-wrapper\">\n\t\t\t\t\t\t<span class=\"elementor-button-text\">Saber mais<\/span>\n\t\t<\/span>\n\t\t\t\t\t<\/a>\n\t\t<\/div>\n\t\t\t\t<\/div>\n\t\t\t\t<\/div>\n\t\t\t\t\t<\/div>\n\t\t<\/div>\n\t\t\t\t\t\t\t<\/div>\n\t\t<\/section>\n\t\t\t\t<section class=\"elementor-section elementor-top-section elementor-element elementor-element-4cf8a32 elementor-section-boxed elementor-section-height-default elementor-section-height-default\" data-id=\"4cf8a32\" data-element_type=\"section\" data-settings=\"{&quot;background_background&quot;:&quot;classic&quot;}\">\n\t\t\t\t\t\t<div class=\"elementor-container elementor-column-gap-default\">\n\t\t\t\t\t<div class=\"elementor-column elementor-col-100 elementor-top-column elementor-element elementor-element-414bcd9\" data-id=\"414bcd9\" data-element_type=\"column\" data-settings=\"{&quot;background_background&quot;:&quot;classic&quot;}\">\n\t\t\t<div class=\"elementor-widget-wrap elementor-element-populated\">\n\t\t\t\t\t\t\t\t<div class=\"elementor-element elementor-element-d4ae932 animated-slow elementor-invisible elementor-widget elementor-widget-heading\" data-id=\"d4ae932\" data-element_type=\"widget\" data-settings=\"{&quot;_animation&quot;:&quot;fadeInUp&quot;}\" data-widget_type=\"heading.default\">\n\t\t\t\t<div class=\"elementor-widget-container\">\n\t\t\t<h2 class=\"elementor-heading-title elementor-size-default\">Uma equipa de profissionais<br>para todas as ideias criativas e inovadoras.<\/h2>\t\t<\/div>\n\t\t\t\t<\/div>\n\t\t\t\t\t<\/div>\n\t\t<\/div>\n\t\t\t\t\t\t\t<\/div>\n\t\t<\/section>\n\t\t\t\t\t\t\t<\/div>\n\t\t","protected":false},"excerpt":{"rendered":"<p>Imagine, Crie,Inspire. by PT Desing Nossos servi\u00e7os N\u00f3s constru\u00edmosas suas ideias. Saber mais Ajudamos a tornar seu sonho realidade Tem alguma ideia? N\u00f3s tornamos real Executamos as suas pe\u00e7as \u00c9 tudo produzido em portugal Sobre n\u00f3s A PT-Textiles \u00e9 um fabricante portugu\u00eas que se especializa no desenvolvimento e produ\u00e7\u00e3o de vestu\u00e1rio para Mulher, Homem e [&hellip;]<\/p>\n","protected":false},"author":1,"featured_media":0,"parent":0,"menu_order":0,"comment_status":"closed","ping_status":"closed","template":"","meta":{"footnotes":""},"_links":{"self":[{"href":"https:\/\/pt-textiles.pt\/pt-pt\/wp-json\/wp\/v2\/pages\/548"}],"collection":[{"href":"https:\/\/pt-textiles.pt\/pt-pt\/wp-json\/wp\/v2\/pages"}],"about":[{"href":"https:\/\/pt-textiles.pt\/pt-pt\/wp-json\/wp\/v2\/types\/page"}],"author":[{"embeddable":true,"href":"https:\/\/pt-textiles.pt\/pt-pt\/wp-json\/wp\/v2\/users\/1"}],"replies":[{"embeddable":true,"href":"https:\/\/pt-textiles.pt\/pt-pt\/wp-json\/wp\/v2\/comments?post=548"}],"version-history":[{"count":5,"href":"https:\/\/pt-textiles.pt\/pt-pt\/wp-json\/wp\/v2\/pages\/548\/revisions"}],"predecessor-version":[{"id":565,"href":"https:\/\/pt-textiles.pt\/pt-pt\/wp-json\/wp\/v2\/pages\/548\/revisions\/565"}],"wp:attachment":[{"href":"https:\/\/pt-textiles.pt\/pt-pt\/wp-json\/wp\/v2\/media?parent=548"}],"curies":[{"name":"wp","href":"https:\/\/api.w.org\/{rel}","templated":true}]}}